{"id":4147,"date":"2023-11-21T08:14:36","date_gmt":"2023-11-21T08:14:36","guid":{"rendered":"https:\/\/drpinarkadirogullari.com\/contact\/"},"modified":"2025-11-04T17:49:30","modified_gmt":"2025-11-04T17:49:30","slug":"contact","status":"publish","type":"page","link":"https:\/\/drpinarkadirogullari.com\/en\/contact\/","title":{"rendered":"Contact"},"content":{"rendered":"\t\t<div data-elementor-type=\"wp-page\" data-elementor-id=\"4147\" class=\"elementor elementor-4147 elementor-752\">\n\t\t\t\t<div class=\"elementor-element elementor-element-ebe5316 e-con-full e-flex e-con e-parent\" data-id=\"ebe5316\" data-element_type=\"container\">\n\t\t\t\t<div class=\"elementor-element elementor-element-a92d844 elementor-widget elementor-widget-contact_box\" data-id=\"a92d844\" data-element_type=\"widget\" data-widget_type=\"contact_box.default\">\n\t\t\t\t<div class=\"elementor-widget-container\">\n\t\t\t\t\t\r\n\r\n\t <script>\r\n jQuery(document).ready(function($) {\r\n\r\n\/\/write js code under this line \r\n\r\n\r\n\/\/write code above the line \r\n\r\n  });\r\n<\/script>\r\n<!-- Contact area start -->\r\n<div class=\"contact-area\">\r\n\t<div class=\"container\">\r\n\t<div class=\"row g-5\">\r\n\t\t\t\t<div class=\"col-xxl-4 col-xl-4 col-lg-6\">\r\n\t\t\t<div class=\"contact-info-item text-center\">\r\n\t\t\t\t<div class=\"contact-info-icon\">\r\n\t\t\t\t<span><i class=\"fas fa-map-marker-alt\"><\/i><\/span>\r\n\t\t\t\t<\/div>\r\n\t\t\t\t<div class=\"contact-info-content\">\r\n\t\t\t\t<h4>Adres<\/h4>\r\n\t\t\t\t<p><a href=\"#\">Harbiye mah. Te\u015fvikiye cad, K\u0131smet apt No:49 Kat :6, Daire: 8 <br>\n\u015ei\u015fli\/\u0130stanbul\n(Citys AVM Kar\u015f\u0131s\u0131)<\/a><\/p>\r\n\t\t\t\t<p><a href=\"\"><\/a><\/p>\r\n\t\t\t\t<\/div>\r\n\t\t\t<\/div>\r\n\t\t<\/div>\r\n\t\t\t\t<div class=\"col-xxl-4 col-xl-4 col-lg-6\">\r\n\t\t\t<div class=\"contact-info-item text-center\">\r\n\t\t\t\t<div class=\"contact-info-icon\">\r\n\t\t\t\t<span><i class=\"far fa-envelope\"><\/i><\/span>\r\n\t\t\t\t<\/div>\r\n\t\t\t\t<div class=\"contact-info-content\">\r\n\t\t\t\t<h4>Mail Adresimiz<\/h4>\r\n\t\t\t\t<p><a href=\"mailto:pinarkadirogullari@gmail.com\">pinarkadirogullari@gmail.com<\/a><\/p>\r\n\t\t\t\t<p><a href=\"\"><\/a><\/p>\r\n\t\t\t\t<\/div>\r\n\t\t\t<\/div>\r\n\t\t<\/div>\r\n\t\t\t\t<div class=\"col-xxl-4 col-xl-4 col-lg-6\">\r\n\t\t\t<div class=\"contact-info-item text-center\">\r\n\t\t\t\t<div class=\"contact-info-icon\">\r\n\t\t\t\t<span><i class=\"far fa-envelope\"><\/i><\/span>\r\n\t\t\t\t<\/div>\r\n\t\t\t\t<div class=\"contact-info-content\">\r\n\t\t\t\t<h4>Telefon Numaram\u0131z<\/h4>\r\n\t\t\t\t<p><a href=\"tel:+95421468500\">+90 542 146 85 00<\/a><\/p>\r\n\t\t\t\t<p><a href=\"\"><\/a><\/p>\r\n\t\t\t\t<\/div>\r\n\t\t\t<\/div>\r\n\t\t<\/div>\r\n\t\t\t<\/div>         \r\n\t<\/div>\r\n<\/div>\r\n<!-- Contact area end -->\r\n\r\n\r\n\r\n             \r\n\t\t\t\t\t\t<\/div>\n\t\t\t\t<\/div>\n\t\t\t\t<\/div>\n\t\t<div class=\"elementor-element elementor-element-1b7893d e-flex e-con-boxed e-con e-parent\" data-id=\"1b7893d\" data-element_type=\"container\">\n\t\t\t\t\t<div class=\"e-con-inner\">\n\t\t\t\t<div class=\"elementor-element elementor-element-ecd7277 elementor-widget elementor-widget-appointment_form_2\" data-id=\"ecd7277\" data-element_type=\"widget\" data-widget_type=\"appointment_form_2.default\">\n\t\t\t\t<div class=\"elementor-widget-container\">\n\t\t\t\t\t\r\n\r\n\t <script>\r\n jQuery(document).ready(function($) {\r\n\r\n\/\/write js code under this line \r\n\r\n\r\n\/\/write code above the line \r\n\r\n  });\r\n<\/script>\r\n\t\t<div class=\"contact-wrapper\">\r\n               <div class=\"row gy-50\">\r\n                  <div class=\"col-xxl-6 col-xl-6\">\r\n                     <div class=\"contact-map\">\r\n                        <iframe\r\n                           src=\"https:\/\/www.google.com\/maps\/embed?pb=!1m18!1m12!1m3!1d24070.617232570527!2d28.954113274316413!3d41.0509088!2m3!1f0!2f0!3f0!3m2!1i1024!2i768!4f13.1!3m3!1m2!1s0x14caa576978e7ebb%3A0x4590ba48b86f2f18!2zRG_Dpy5Eci5QxLFuYXIgS2FkaXJvxJ91bGxhcsSxIEthZMSxbiBIYXN0YWzEsWtsYXLEsSB2ZSBEb8SfdW0gVXptYW7EsQ!5e0!3m2!1str!2str!4v1748338824587!5m2!1str!2str\"><\/iframe>\r\n                     <\/div>\r\n                  <\/div>\r\n                  <div class=\"col-xxl-6 col-xl-6\">\r\n                     <div class=\"contact-from\">\r\n\t\t\t\t\t \t\n<div class=\"wpcf7 no-js\" id=\"wpcf7-f3507-o1\" lang=\"en-US\" dir=\"ltr\" data-wpcf7-id=\"3507\">\n<div class=\"screen-reader-response\"><p role=\"status\" aria-live=\"polite\" aria-atomic=\"true\"><\/p> <ul><\/ul><\/div>\n<form action=\"\/en\/wp-json\/wp\/v2\/pages\/4147#wpcf7-f3507-o1\" method=\"post\" class=\"wpcf7-form init\" aria-label=\"Contact form\" novalidate=\"novalidate\" data-status=\"init\">\n<div style=\"display: none;\">\n<input type=\"hidden\" name=\"_wpcf7\" value=\"3507\" \/>\n<input type=\"hidden\" name=\"_wpcf7_version\" value=\"6.0.5\" \/>\n<input type=\"hidden\" name=\"_wpcf7_locale\" value=\"en_US\" \/>\n<input type=\"hidden\" name=\"_wpcf7_unit_tag\" value=\"wpcf7-f3507-o1\" \/>\n<input type=\"hidden\" name=\"_wpcf7_container_post\" value=\"0\" \/>\n<input type=\"hidden\" name=\"_wpcf7_posted_data_hash\" value=\"\" \/>\n<\/div>\n<div class=\"row\">\n\t<div class=\"col-lg-6\">\n\t\t<div class=\"contact__from-input\">\n\t\t\t<p><span class=\"wpcf7-form-control-wrap\" data-name=\"text-90\"><input size=\"40\" maxlength=\"400\" class=\"wpcf7-form-control wpcf7-text wpcf7-validates-as-required\" aria-required=\"true\" aria-invalid=\"false\" placeholder=\"Full Name*\" value=\"\" type=\"text\" name=\"text-90\" \/><\/span>\n\t\t\t<\/p>\n\t\t<\/div>\n\t<\/div>\n\t<div class=\"col-lg-6\">\n\t\t<div class=\"contact__from-input\">\n\t\t\t<p><span class=\"wpcf7-form-control-wrap\" data-name=\"email-334\"><input size=\"40\" maxlength=\"400\" class=\"wpcf7-form-control wpcf7-email wpcf7-validates-as-required wpcf7-text wpcf7-validates-as-email\" aria-required=\"true\" aria-invalid=\"false\" placeholder=\"Email Address*\" value=\"\" type=\"email\" name=\"email-334\" \/><\/span>\n\t\t\t<\/p>\n\t\t<\/div>\n\t<\/div>\n\t<div class=\"col-lg-12\">\n\t\t<div class=\"contact__from-input\">\n\t\t\t<p><span class=\"wpcf7-form-control-wrap\" data-name=\"tel-732\"><input size=\"40\" maxlength=\"400\" class=\"wpcf7-form-control wpcf7-tel wpcf7-text wpcf7-validates-as-tel\" aria-invalid=\"false\" placeholder=\"Phone Number\" value=\"\" type=\"tel\" name=\"tel-732\" \/><\/span>\n\t\t\t<\/p>\n\t\t<\/div>\n\t<\/div>\n\t<div class=\"col-lg-12\">\n\t\t<div class=\"contact__from-input\">\n\t\t\t<p><span class=\"wpcf7-form-control-wrap\" data-name=\"textarea-447\"><textarea cols=\"40\" rows=\"10\" maxlength=\"2000\" class=\"wpcf7-form-control wpcf7-textarea\" aria-invalid=\"false\" placeholder=\"Your Message\" name=\"textarea-447\"><\/textarea><\/span>\n\t\t\t<\/p>\n\t\t<\/div>\n\t<\/div>\n\t<div class=\"col-12\">\n\t\t<div class=\"appointment__btn\">\n\t\t\t<p><input class=\"wpcf7-form-control wpcf7-submit has-spinner fill-btn secondary\" type=\"submit\" value=\"Send\" \/>\n\t\t\t<\/p>\n\t\t<\/div>\n\t<\/div>\n<\/div><div class=\"wpcf7-response-output\" aria-hidden=\"true\"><\/div>\n<\/form>\n<\/div>\n\t\r\n                     <\/div>\r\n                  <\/div>\r\n               <\/div>\r\n            <\/div>\r\n\t\r\n\r\n\r\n             \r\n\t\t\t\t\t\t<\/div>\n\t\t\t\t<\/div>\n\t\t\t\t\t<\/div>\n\t\t\t\t<\/div>\n\t\t\t\t<\/div>\n\t\t","protected":false},"excerpt":{"rendered":"<p>Adres Harbiye mah. Te\u015fvikiye cad, K\u0131smet apt No:49 Kat :6, Daire: 8 \u015ei\u015fli\/\u0130stanbul (Citys AVM Kar\u015f\u0131s\u0131) Mail Adresimiz pinarkadirogullari@gmail.com Telefon Numaram\u0131z +90 542 146 85 00<\/p>\n","protected":false},"author":1,"featured_media":0,"parent":0,"menu_order":0,"comment_status":"closed","ping_status":"closed","template":"elementor_header_footer","meta":{"inline_featured_image":false,"footnotes":""},"class_list":["post-4147","page","type-page","status-publish","hentry"],"_links":{"self":[{"href":"https:\/\/drpinarkadirogullari.com\/en\/wp-json\/wp\/v2\/pages\/4147","targetHints":{"allow":["GET"]}}],"collection":[{"href":"https:\/\/drpinarkadirogullari.com\/en\/wp-json\/wp\/v2\/pages"}],"about":[{"href":"https:\/\/drpinarkadirogullari.com\/en\/wp-json\/wp\/v2\/types\/page"}],"author":[{"embeddable":true,"href":"https:\/\/drpinarkadirogullari.com\/en\/wp-json\/wp\/v2\/users\/1"}],"replies":[{"embeddable":true,"href":"https:\/\/drpinarkadirogullari.com\/en\/wp-json\/wp\/v2\/comments?post=4147"}],"version-history":[{"count":1,"href":"https:\/\/drpinarkadirogullari.com\/en\/wp-json\/wp\/v2\/pages\/4147\/revisions"}],"predecessor-version":[{"id":4148,"href":"https:\/\/drpinarkadirogullari.com\/en\/wp-json\/wp\/v2\/pages\/4147\/revisions\/4148"}],"wp:attachment":[{"href":"https:\/\/drpinarkadirogullari.com\/en\/wp-json\/wp\/v2\/media?parent=4147"}],"curies":[{"name":"wp","href":"https:\/\/api.w.org\/{rel}","templated":true}]}}