{"id":4128,"date":"2025-05-04T19:10:37","date_gmt":"2025-05-04T19:10:37","guid":{"rendered":"https:\/\/drpinarkadirogullari.com\/pregnancy-monitoring-2\/"},"modified":"2025-11-04T17:46:38","modified_gmt":"2025-11-04T17:46:38","slug":"pregnancy-monitoring-2","status":"publish","type":"page","link":"https:\/\/drpinarkadirogullari.com\/en\/pregnancy-monitoring-2\/","title":{"rendered":"Pregnancy Monitoring"},"content":{"rendered":"\t\t<div data-elementor-type=\"wp-page\" data-elementor-id=\"4128\" class=\"elementor elementor-4128 elementor-2804\">\n\t\t\t\t<div class=\"elementor-element elementor-element-4899868 e-con-full e-flex e-con e-parent\" data-id=\"4899868\" data-element_type=\"container\">\n\t\t\t\t<div class=\"elementor-element elementor-element-4fe3f0e elementor-align-center elementor-widget elementor-widget-dogri_service_post_widget\" data-id=\"4fe3f0e\" data-element_type=\"widget\" data-widget_type=\"dogri_service_post_widget.default\">\n\t\t\t\t<div class=\"elementor-widget-container\">\n\t\t\t\t\t\r\n\r\n\r\n\r\n\t\t\r\n\t\t\t<script>\r\n\t\tjQuery(document).ready(function($) {\r\n\r\n\t\t\/\/write js code under this line \r\n\r\n\t\tvar service = new Swiper(\".service-active-2\", {\r\n\t\t\tslidesPerView: 3,\r\n\t\t\tspaceBetween: 30,\r\n\t\t\tloop: true,\r\n\t\t\tautoplay: {\r\n\t\t\t\tdelay: 3000,\r\n\t\t\t},\r\n\t\t\tpagination: {\r\n\t\t\t\tel: \".bd-swiper-dot\",\r\n\t\t\t\tclickable: true,\r\n\t\t\t},\r\n\t\t\tbreakpoints: {\r\n\t\t\t\t\"1200\": {\r\n\t\t\t\t\tslidesPerView: 3,\r\n\t\t\t\t},\r\n\t\t\t\t\"992\": {\r\n\t\t\t\t\tslidesPerView: 3,\r\n\t\t\t\t},\r\n\t\t\t\t\"768\": {\r\n\t\t\t\t\tslidesPerView: 2,\r\n\t\t\t\t},\r\n\t\t\t\t\"576\": {\r\n\t\t\t\t\tslidesPerView: 1,\r\n\t\t\t\t},\r\n\t\t\t\t\"0\": {\r\n\t\t\t\t\tslidesPerView: 1,\r\n\t\t\t\t},\r\n\t\t\t},\r\n\t\t});\r\n\r\n\t\t\/\/write code above the line \r\n\r\n\t\t});\r\n\t\t<\/script>\r\n\t\r\n\r\n   <!-- Service area start -->\r\n   <section class=\"service-area theme-bg-2 section-space empty-area-title\">\r\n      <div class=\"container\">\r\n         <div class=\"row section-title-spacing justify-content-center\">\r\n\r\n            <div class=\"col-xxl-5 col-xl-5 col-lg-6\">\r\n\t\t\t\t            <\/div>\r\n         <\/div>\r\n         <div class=\"row gy-5\">\r\n\t\t\t            <div class=\"col-xxl-4 col-xl-4 col-lg-4 col-md-6\">\r\n               <div class=\"service-item wow fadeInUp\" data-wow-delay=\".3s\">\r\n                  <div class=\"service-thumb w-img\">\r\n\r\n                     <a href=\"https:\/\/drpinarkadirogullari.com\/en\/services\/gebelerde-rahim-agzi-yetmezligi\/\"><img decoding=\"async\" src=\"https:\/\/drpinarkadirogullari.com\/wp-content\/uploads\/2025\/04\/Gebelerde-Rahim-Agzi-Yetmezligi-633x675.png\" alt=\"\"><\/a>\r\n\t\t\t\t\t\r\n                  <\/div>\r\n                  <div class=\"service-content\">\r\n                     <h4><a href=\"https:\/\/drpinarkadirogullari.com\/en\/services\/gebelerde-rahim-agzi-yetmezligi\/\">Gebelerde Rahim A\u011fz\u0131 Yetmezli\u011fi<\/a><\/h4>\r\n                     <p><\/p>\r\n                     <div class=\"service-link\"><a href=\"https:\/\/drpinarkadirogullari.com\/en\/services\/gebelerde-rahim-agzi-yetmezligi\/\"><i\r\n                              class=\"fa-regular fa-angle-right\"><\/i><\/a>\r\n                     <\/div>\r\n                     <div class=\"service-icon\">\r\n\t\t\t\t\t                      <\/div>\r\n                  <\/div>\r\n               <\/div>\r\n            <\/div>\r\n\t\t\t            <div class=\"col-xxl-4 col-xl-4 col-lg-4 col-md-6\">\r\n               <div class=\"service-item wow fadeInUp\" data-wow-delay=\".3s\">\r\n                  <div class=\"service-thumb w-img\">\r\n\r\n                     <a href=\"https:\/\/drpinarkadirogullari.com\/en\/services\/gebelik-kolestazi\/\"><img decoding=\"async\" src=\"https:\/\/drpinarkadirogullari.com\/wp-content\/uploads\/2025\/04\/Gebelik-Kolestazi-633x675.png\" alt=\"\"><\/a>\r\n\t\t\t\t\t\r\n                  <\/div>\r\n                  <div class=\"service-content\">\r\n                     <h4><a href=\"https:\/\/drpinarkadirogullari.com\/en\/services\/gebelik-kolestazi\/\">Gebelik Kolestaz\u0131<\/a><\/h4>\r\n                     <p><\/p>\r\n                     <div class=\"service-link\"><a href=\"https:\/\/drpinarkadirogullari.com\/en\/services\/gebelik-kolestazi\/\"><i\r\n                              class=\"fa-regular fa-angle-right\"><\/i><\/a>\r\n                     <\/div>\r\n                     <div class=\"service-icon\">\r\n\t\t\t\t\t                      <\/div>\r\n                  <\/div>\r\n               <\/div>\r\n            <\/div>\r\n\t\t\t            <div class=\"col-xxl-4 col-xl-4 col-lg-4 col-md-6\">\r\n               <div class=\"service-item wow fadeInUp\" data-wow-delay=\".3s\">\r\n                  <div class=\"service-thumb w-img\">\r\n\r\n                     <a href=\"https:\/\/drpinarkadirogullari.com\/en\/services\/preeklampsi\/\"><img decoding=\"async\" src=\"https:\/\/drpinarkadirogullari.com\/wp-content\/uploads\/2025\/04\/Preeklampsi-633x675.png\" alt=\"\"><\/a>\r\n\t\t\t\t\t\r\n                  <\/div>\r\n                  <div class=\"service-content\">\r\n                     <h4><a href=\"https:\/\/drpinarkadirogullari.com\/en\/services\/preeklampsi\/\">Preeklampsi<\/a><\/h4>\r\n                     <p><\/p>\r\n                     <div class=\"service-link\"><a href=\"https:\/\/drpinarkadirogullari.com\/en\/services\/preeklampsi\/\"><i\r\n                              class=\"fa-regular fa-angle-right\"><\/i><\/a>\r\n                     <\/div>\r\n                     <div class=\"service-icon\">\r\n\t\t\t\t\t                      <\/div>\r\n                  <\/div>\r\n               <\/div>\r\n            <\/div>\r\n\t\t\t            <div class=\"col-xxl-4 col-xl-4 col-lg-4 col-md-6\">\r\n               <div class=\"service-item wow fadeInUp\" data-wow-delay=\".3s\">\r\n                  <div class=\"service-thumb w-img\">\r\n\r\n                     <a href=\"https:\/\/drpinarkadirogullari.com\/en\/services\/nst-non-stres-test\/\"><img decoding=\"async\" src=\"https:\/\/drpinarkadirogullari.com\/wp-content\/uploads\/2025\/04\/NST-Non-Stres-Test-633x675.png\" alt=\"\"><\/a>\r\n\t\t\t\t\t\r\n                  <\/div>\r\n                  <div class=\"service-content\">\r\n                     <h4><a href=\"https:\/\/drpinarkadirogullari.com\/en\/services\/nst-non-stres-test\/\">NST (Non-Stres Test)<\/a><\/h4>\r\n                     <p><\/p>\r\n                     <div class=\"service-link\"><a href=\"https:\/\/drpinarkadirogullari.com\/en\/services\/nst-non-stres-test\/\"><i\r\n                              class=\"fa-regular fa-angle-right\"><\/i><\/a>\r\n                     <\/div>\r\n                     <div class=\"service-icon\">\r\n\t\t\t\t\t                      <\/div>\r\n                  <\/div>\r\n               <\/div>\r\n            <\/div>\r\n\t\t\t            <div class=\"col-xxl-4 col-xl-4 col-lg-4 col-md-6\">\r\n               <div class=\"service-item wow fadeInUp\" data-wow-delay=\".3s\">\r\n                  <div class=\"service-thumb w-img\">\r\n\r\n                     <a href=\"https:\/\/drpinarkadirogullari.com\/en\/services\/ssvd-sezaryen-sonrasi-vajinal-dogum\/\"><img decoding=\"async\" src=\"https:\/\/drpinarkadirogullari.com\/wp-content\/uploads\/2025\/04\/SSVD-Sezaryen-Sonrasi-Vajinal-Dogum-633x675.png\" alt=\"\"><\/a>\r\n\t\t\t\t\t\r\n                  <\/div>\r\n                  <div class=\"service-content\">\r\n                     <h4><a href=\"https:\/\/drpinarkadirogullari.com\/en\/services\/ssvd-sezaryen-sonrasi-vajinal-dogum\/\">SSVD (Sezaryen Sonras\u0131 Vajinal Do\u011fum)<\/a><\/h4>\r\n                     <p><\/p>\r\n                     <div class=\"service-link\"><a href=\"https:\/\/drpinarkadirogullari.com\/en\/services\/ssvd-sezaryen-sonrasi-vajinal-dogum\/\"><i\r\n                              class=\"fa-regular fa-angle-right\"><\/i><\/a>\r\n                     <\/div>\r\n                     <div class=\"service-icon\">\r\n\t\t\t\t\t                      <\/div>\r\n                  <\/div>\r\n               <\/div>\r\n            <\/div>\r\n\t\t\t            <div class=\"col-xxl-4 col-xl-4 col-lg-4 col-md-6\">\r\n               <div class=\"service-item wow fadeInUp\" data-wow-delay=\".3s\">\r\n                  <div class=\"service-thumb w-img\">\r\n\r\n                     <a href=\"https:\/\/drpinarkadirogullari.com\/en\/services\/gebelikte-dusuk-cesitleri\/\"><img decoding=\"async\" src=\"https:\/\/drpinarkadirogullari.com\/wp-content\/uploads\/2025\/04\/Gebelikte-Dusuk-Cesitleri-633x675.png\" alt=\"\"><\/a>\r\n\t\t\t\t\t\r\n                  <\/div>\r\n                  <div class=\"service-content\">\r\n                     <h4><a href=\"https:\/\/drpinarkadirogullari.com\/en\/services\/gebelikte-dusuk-cesitleri\/\">Types of Miscarriage During Pregnancy<\/a><\/h4>\r\n                     <p><\/p>\r\n                     <div class=\"service-link\"><a href=\"https:\/\/drpinarkadirogullari.com\/en\/services\/gebelikte-dusuk-cesitleri\/\"><i\r\n                              class=\"fa-regular fa-angle-right\"><\/i><\/a>\r\n                     <\/div>\r\n                     <div class=\"service-icon\">\r\n\t\t\t\t\t                      <\/div>\r\n                  <\/div>\r\n               <\/div>\r\n            <\/div>\r\n\t\t\t            <div class=\"col-xxl-4 col-xl-4 col-lg-4 col-md-6\">\r\n               <div class=\"service-item wow fadeInUp\" data-wow-delay=\".3s\">\r\n                  <div class=\"service-thumb w-img\">\r\n\r\n                     <a href=\"https:\/\/drpinarkadirogullari.com\/en\/services\/gebelik-takibi\/\"><img decoding=\"async\" src=\"https:\/\/drpinarkadirogullari.com\/wp-content\/uploads\/2025\/04\/Gebelik-Takibi-633x675.png\" alt=\"\"><\/a>\r\n\t\t\t\t\t\r\n                  <\/div>\r\n                  <div class=\"service-content\">\r\n                     <h4><a href=\"https:\/\/drpinarkadirogullari.com\/en\/services\/gebelik-takibi\/\">Pregnancy Monitoring<\/a><\/h4>\r\n                     <p><\/p>\r\n                     <div class=\"service-link\"><a href=\"https:\/\/drpinarkadirogullari.com\/en\/services\/gebelik-takibi\/\"><i\r\n                              class=\"fa-regular fa-angle-right\"><\/i><\/a>\r\n                     <\/div>\r\n                     <div class=\"service-icon\">\r\n\t\t\t\t\t                      <\/div>\r\n                  <\/div>\r\n               <\/div>\r\n            <\/div>\r\n\t\t\t            <div class=\"col-xxl-4 col-xl-4 col-lg-4 col-md-6\">\r\n               <div class=\"service-item wow fadeInUp\" data-wow-delay=\".3s\">\r\n                  <div class=\"service-thumb w-img\">\r\n\r\n                     <a href=\"https:\/\/drpinarkadirogullari.com\/en\/services\/normal-dogum\/\"><img decoding=\"async\" src=\"https:\/\/drpinarkadirogullari.com\/wp-content\/uploads\/2025\/04\/normal-633x675.png\" alt=\"\"><\/a>\r\n\t\t\t\t\t\r\n                  <\/div>\r\n                  <div class=\"service-content\">\r\n                     <h4><a href=\"https:\/\/drpinarkadirogullari.com\/en\/services\/normal-dogum\/\">Normal Birth<\/a><\/h4>\r\n                     <p><\/p>\r\n                     <div class=\"service-link\"><a href=\"https:\/\/drpinarkadirogullari.com\/en\/services\/normal-dogum\/\"><i\r\n                              class=\"fa-regular fa-angle-right\"><\/i><\/a>\r\n                     <\/div>\r\n                     <div class=\"service-icon\">\r\n\t\t\t\t\t                      <\/div>\r\n                  <\/div>\r\n               <\/div>\r\n            <\/div>\r\n\t\t\t            <div class=\"col-xxl-4 col-xl-4 col-lg-4 col-md-6\">\r\n               <div class=\"service-item wow fadeInUp\" data-wow-delay=\".3s\">\r\n                  <div class=\"service-thumb w-img\">\r\n\r\n                     <a href=\"https:\/\/drpinarkadirogullari.com\/en\/services\/sezaryen-dogum\/\"><img decoding=\"async\" src=\"https:\/\/drpinarkadirogullari.com\/wp-content\/uploads\/2025\/04\/Sezaryen-633x675.png\" alt=\"\"><\/a>\r\n\t\t\t\t\t\r\n                  <\/div>\r\n                  <div class=\"service-content\">\r\n                     <h4><a href=\"https:\/\/drpinarkadirogullari.com\/en\/services\/sezaryen-dogum\/\">Cesarean Section<\/a><\/h4>\r\n                     <p><\/p>\r\n                     <div class=\"service-link\"><a href=\"https:\/\/drpinarkadirogullari.com\/en\/services\/sezaryen-dogum\/\"><i\r\n                              class=\"fa-regular fa-angle-right\"><\/i><\/a>\r\n                     <\/div>\r\n                     <div class=\"service-icon\">\r\n\t\t\t\t\t                      <\/div>\r\n                  <\/div>\r\n               <\/div>\r\n            <\/div>\r\n\t\t\t            <div class=\"col-xxl-4 col-xl-4 col-lg-4 col-md-6\">\r\n               <div class=\"service-item wow fadeInUp\" data-wow-delay=\".3s\">\r\n                  <div class=\"service-thumb w-img\">\r\n\r\n                     <a href=\"https:\/\/drpinarkadirogullari.com\/en\/services\/agrisiz-dogum-epidural-dogum\/\"><img decoding=\"async\" src=\"https:\/\/drpinarkadirogullari.com\/wp-content\/uploads\/2025\/04\/epidural-Dogumda-Rahatlik-ve-Destek-633x675.png\" alt=\"\"><\/a>\r\n\t\t\t\t\t\r\n                  <\/div>\r\n                  <div class=\"service-content\">\r\n                     <h4><a href=\"https:\/\/drpinarkadirogullari.com\/en\/services\/agrisiz-dogum-epidural-dogum\/\">Painless Childbirth (Epidural Childbirth)<\/a><\/h4>\r\n                     <p><\/p>\r\n                     <div class=\"service-link\"><a href=\"https:\/\/drpinarkadirogullari.com\/en\/services\/agrisiz-dogum-epidural-dogum\/\"><i\r\n                              class=\"fa-regular fa-angle-right\"><\/i><\/a>\r\n                     <\/div>\r\n                     <div class=\"service-icon\">\r\n\t\t\t\t\t                      <\/div>\r\n                  <\/div>\r\n               <\/div>\r\n            <\/div>\r\n\t\t\t            <div class=\"col-xxl-4 col-xl-4 col-lg-4 col-md-6\">\r\n               <div class=\"service-item wow fadeInUp\" data-wow-delay=\".3s\">\r\n                  <div class=\"service-thumb w-img\">\r\n\r\n                     <a href=\"https:\/\/drpinarkadirogullari.com\/en\/services\/gebelikte-beslenme\/\"><img decoding=\"async\" src=\"https:\/\/drpinarkadirogullari.com\/wp-content\/uploads\/2025\/04\/Gebelikte-Beslenme-633x675.png\" alt=\"\"><\/a>\r\n\t\t\t\t\t\r\n                  <\/div>\r\n                  <div class=\"service-content\">\r\n                     <h4><a href=\"https:\/\/drpinarkadirogullari.com\/en\/services\/gebelikte-beslenme\/\">Nutrition During Pregnancy<\/a><\/h4>\r\n                     <p><\/p>\r\n                     <div class=\"service-link\"><a href=\"https:\/\/drpinarkadirogullari.com\/en\/services\/gebelikte-beslenme\/\"><i\r\n                              class=\"fa-regular fa-angle-right\"><\/i><\/a>\r\n                     <\/div>\r\n                     <div class=\"service-icon\">\r\n\t\t\t\t\t                      <\/div>\r\n                  <\/div>\r\n               <\/div>\r\n            <\/div>\r\n\t\t\t            <div class=\"col-xxl-4 col-xl-4 col-lg-4 col-md-6\">\r\n               <div class=\"service-item wow fadeInUp\" data-wow-delay=\".3s\">\r\n                  <div class=\"service-thumb w-img\">\r\n\r\n                     <a href=\"https:\/\/drpinarkadirogullari.com\/en\/services\/gebelikte-egzersiz\/\"><img decoding=\"async\" src=\"https:\/\/drpinarkadirogullari.com\/wp-content\/uploads\/2025\/04\/Gebelikte-Egzersiz-633x675.png\" alt=\"\"><\/a>\r\n\t\t\t\t\t\r\n                  <\/div>\r\n                  <div class=\"service-content\">\r\n                     <h4><a href=\"https:\/\/drpinarkadirogullari.com\/en\/services\/gebelikte-egzersiz\/\">Exercise During Pregnancy<\/a><\/h4>\r\n                     <p><\/p>\r\n                     <div class=\"service-link\"><a href=\"https:\/\/drpinarkadirogullari.com\/en\/services\/gebelikte-egzersiz\/\"><i\r\n                              class=\"fa-regular fa-angle-right\"><\/i><\/a>\r\n                     <\/div>\r\n                     <div class=\"service-icon\">\r\n\t\t\t\t\t                      <\/div>\r\n                  <\/div>\r\n               <\/div>\r\n            <\/div>\r\n\t\t\t            <div class=\"col-xxl-4 col-xl-4 col-lg-4 col-md-6\">\r\n               <div class=\"service-item wow fadeInUp\" data-wow-delay=\".3s\">\r\n                  <div class=\"service-thumb w-img\">\r\n\r\n                     <a href=\"https:\/\/drpinarkadirogullari.com\/en\/services\/gebelikte-cinsellik\/\"><img decoding=\"async\" src=\"https:\/\/drpinarkadirogullari.com\/wp-content\/uploads\/2025\/04\/Gebelikte_Mahremiyet_Netlestirilmis-633x675.png\" alt=\"\"><\/a>\r\n\t\t\t\t\t\r\n                  <\/div>\r\n                  <div class=\"service-content\">\r\n                     <h4><a href=\"https:\/\/drpinarkadirogullari.com\/en\/services\/gebelikte-cinsellik\/\">Gebelikte Cinsellik<\/a><\/h4>\r\n                     <p><\/p>\r\n                     <div class=\"service-link\"><a href=\"https:\/\/drpinarkadirogullari.com\/en\/services\/gebelikte-cinsellik\/\"><i\r\n                              class=\"fa-regular fa-angle-right\"><\/i><\/a>\r\n                     <\/div>\r\n                     <div class=\"service-icon\">\r\n\t\t\t\t\t                      <\/div>\r\n                  <\/div>\r\n               <\/div>\r\n            <\/div>\r\n\t\t\t            <div class=\"col-xxl-4 col-xl-4 col-lg-4 col-md-6\">\r\n               <div class=\"service-item wow fadeInUp\" data-wow-delay=\".3s\">\r\n                  <div class=\"service-thumb w-img\">\r\n\r\n                     <a href=\"https:\/\/drpinarkadirogullari.com\/en\/services\/hafta-hafta-gebelik-takibi\/\"><img decoding=\"async\" src=\"https:\/\/drpinarkadirogullari.com\/wp-content\/uploads\/2025\/04\/Hafta-Hafta-Gebelik-Takibi-633x675.png\" alt=\"\"><\/a>\r\n\t\t\t\t\t\r\n                  <\/div>\r\n                  <div class=\"service-content\">\r\n                     <h4><a href=\"https:\/\/drpinarkadirogullari.com\/en\/services\/hafta-hafta-gebelik-takibi\/\">Week-by-Week Pregnancy Tracking<\/a><\/h4>\r\n                     <p><\/p>\r\n                     <div class=\"service-link\"><a href=\"https:\/\/drpinarkadirogullari.com\/en\/services\/hafta-hafta-gebelik-takibi\/\"><i\r\n                              class=\"fa-regular fa-angle-right\"><\/i><\/a>\r\n                     <\/div>\r\n                     <div class=\"service-icon\">\r\n\t\t\t\t\t                      <\/div>\r\n                  <\/div>\r\n               <\/div>\r\n            <\/div>\r\n\t\t\t            <div class=\"col-xxl-4 col-xl-4 col-lg-4 col-md-6\">\r\n               <div class=\"service-item wow fadeInUp\" data-wow-delay=\".3s\">\r\n                  <div class=\"service-thumb w-img\">\r\n\r\n                     <a href=\"https:\/\/drpinarkadirogullari.com\/en\/services\/gebelikte-kilo-alimi-ve-kilo-kontrolu\/\"><img decoding=\"async\" src=\"https:\/\/drpinarkadirogullari.com\/wp-content\/uploads\/2025\/04\/Gebelikte-Kilo-Alimi-ve-Kilo-Kontrolu-633x675.png\" alt=\"\"><\/a>\r\n\t\t\t\t\t\r\n                  <\/div>\r\n                  <div class=\"service-content\">\r\n                     <h4><a href=\"https:\/\/drpinarkadirogullari.com\/en\/services\/gebelikte-kilo-alimi-ve-kilo-kontrolu\/\">Weight Gain and Weight Control During Pregnancy<\/a><\/h4>\r\n                     <p><\/p>\r\n                     <div class=\"service-link\"><a href=\"https:\/\/drpinarkadirogullari.com\/en\/services\/gebelikte-kilo-alimi-ve-kilo-kontrolu\/\"><i\r\n                              class=\"fa-regular fa-angle-right\"><\/i><\/a>\r\n                     <\/div>\r\n                     <div class=\"service-icon\">\r\n\t\t\t\t\t                      <\/div>\r\n                  <\/div>\r\n               <\/div>\r\n            <\/div>\r\n\t\t\t            <div class=\"col-xxl-4 col-xl-4 col-lg-4 col-md-6\">\r\n               <div class=\"service-item wow fadeInUp\" data-wow-delay=\".3s\">\r\n                  <div class=\"service-thumb w-img\">\r\n\r\n                     <a href=\"https:\/\/drpinarkadirogullari.com\/en\/services\/gebelikte-kullanilmasi-gereken-vitamin-ve-mineral-takviyeleri\/\"><img decoding=\"async\" src=\"https:\/\/drpinarkadirogullari.com\/wp-content\/uploads\/2025\/04\/Gebelikte-Kullanilmasi-Gereken-Vitamin-ve-Mineral-Takviyeleri-633x675.png\" alt=\"\"><\/a>\r\n\t\t\t\t\t\r\n                  <\/div>\r\n                  <div class=\"service-content\">\r\n                     <h4><a href=\"https:\/\/drpinarkadirogullari.com\/en\/services\/gebelikte-kullanilmasi-gereken-vitamin-ve-mineral-takviyeleri\/\">Vitamin and Mineral Supplements That Should Be<\/a><\/h4>\r\n                     <p><\/p>\r\n                     <div class=\"service-link\"><a href=\"https:\/\/drpinarkadirogullari.com\/en\/services\/gebelikte-kullanilmasi-gereken-vitamin-ve-mineral-takviyeleri\/\"><i\r\n                              class=\"fa-regular fa-angle-right\"><\/i><\/a>\r\n                     <\/div>\r\n                     <div class=\"service-icon\">\r\n\t\t\t\t\t                      <\/div>\r\n                  <\/div>\r\n               <\/div>\r\n            <\/div>\r\n\t\t\t            <div class=\"col-xxl-4 col-xl-4 col-lg-4 col-md-6\">\r\n               <div class=\"service-item wow fadeInUp\" data-wow-delay=\".3s\">\r\n                  <div class=\"service-thumb w-img\">\r\n\r\n                     <a href=\"https:\/\/drpinarkadirogullari.com\/en\/services\/fetal-dna-test-nipt\/\"><img decoding=\"async\" src=\"https:\/\/drpinarkadirogullari.com\/wp-content\/uploads\/2025\/05\/FETAL-DNA-TESTI-NIPT-633x675.jpg\" alt=\"\"><\/a>\r\n\t\t\t\t\t\r\n                  <\/div>\r\n                  <div class=\"service-content\">\r\n                     <h4><a href=\"https:\/\/drpinarkadirogullari.com\/en\/services\/fetal-dna-test-nipt\/\">Fetal DNA Test (NIPT)<\/a><\/h4>\r\n                     <p><\/p>\r\n                     <div class=\"service-link\"><a href=\"https:\/\/drpinarkadirogullari.com\/en\/services\/fetal-dna-test-nipt\/\"><i\r\n                              class=\"fa-regular fa-angle-right\"><\/i><\/a>\r\n                     <\/div>\r\n                     <div class=\"service-icon\">\r\n\t\t\t\t\t                      <\/div>\r\n                  <\/div>\r\n               <\/div>\r\n            <\/div>\r\n\t\t\t         <\/div>\r\n         <div class=\"btn-wrapper text-center\">\r\n            <a href=\"\" class=\"fill-btn\">\r\n               <span class=\"fill-btn-inner\">\r\n                  <span class=\"fill-btn-normal\"><i class=\"fa-regular fa-angle-right\"><\/i><\/span>\r\n                  <span class=\"fill-btn-hover\"><i class=\"fa-regular fa-angle-right\"><\/i><\/span>\r\n               <\/span>\r\n            <\/a>\r\n         <\/div>\t\t \r\n      <\/div>\r\n   <\/section>\r\n   <!-- Service area end -->\r\n\r\n\t\t\r\n\r\n\r\n\r\n\t\t\t\t\t<\/div>\n\t\t\t\t<\/div>\n\t\t\t\t<\/div>\n\t\t\t\t<\/div>\n\t\t","protected":false},"excerpt":{"rendered":"<p>Gebelikte Kullan\u0131lmas\u0131 Gereken Vitamin ve Mineral Takviyeleri Gebelikte Kilo Al\u0131m\u0131 ve Kilo Kontrol\u00fc Hafta Hafta<\/p>\n","protected":false},"author":1,"featured_media":0,"parent":0,"menu_order":0,"comment_status":"closed","ping_status":"closed","template":"elementor_header_footer","meta":{"inline_featured_image":false,"footnotes":""},"class_list":["post-4128","page","type-page","status-publish","hentry"],"_links":{"self":[{"href":"https:\/\/drpinarkadirogullari.com\/en\/wp-json\/wp\/v2\/pages\/4128","targetHints":{"allow":["GET"]}}],"collection":[{"href":"https:\/\/drpinarkadirogullari.com\/en\/wp-json\/wp\/v2\/pages"}],"about":[{"href":"https:\/\/drpinarkadirogullari.com\/en\/wp-json\/wp\/v2\/types\/page"}],"author":[{"embeddable":true,"href":"https:\/\/drpinarkadirogullari.com\/en\/wp-json\/wp\/v2\/users\/1"}],"replies":[{"embeddable":true,"href":"https:\/\/drpinarkadirogullari.com\/en\/wp-json\/wp\/v2\/comments?post=4128"}],"version-history":[{"count":1,"href":"https:\/\/drpinarkadirogullari.com\/en\/wp-json\/wp\/v2\/pages\/4128\/revisions"}],"predecessor-version":[{"id":4130,"href":"https:\/\/drpinarkadirogullari.com\/en\/wp-json\/wp\/v2\/pages\/4128\/revisions\/4130"}],"wp:attachment":[{"href":"https:\/\/drpinarkadirogullari.com\/en\/wp-json\/wp\/v2\/media?parent=4128"}],"curies":[{"name":"wp","href":"https:\/\/api.w.org\/{rel}","templated":true}]}}