{"id":3470,"date":"2023-11-19T15:44:12","date_gmt":"2023-11-19T15:44:12","guid":{"rendered":"https:\/\/drpinarkadirogullari.com\/appointment\/"},"modified":"2025-09-21T15:12:27","modified_gmt":"2025-09-21T15:12:27","slug":"appointment","status":"publish","type":"page","link":"https:\/\/drpinarkadirogullari.com\/en\/appointment\/","title":{"rendered":"Appointment"},"content":{"rendered":"\t\t<div data-elementor-type=\"wp-page\" data-elementor-id=\"3470\" class=\"elementor elementor-3470 elementor-604\">\n\t\t\t\t<div class=\"elementor-element elementor-element-d68c0c8 e-con-full theme-bg-0 e-flex e-con e-parent\" data-id=\"d68c0c8\" data-element_type=\"container\">\n\t\t\t\t<div class=\"elementor-element elementor-element-652911f elementor-widget elementor-widget-appointment_form_2\" data-id=\"652911f\" data-element_type=\"widget\" data-widget_type=\"appointment_form_2.default\">\n\t\t\t\t<div class=\"elementor-widget-container\">\n\t\t\t\t\t\r\n\r\n\t <script>\r\n jQuery(document).ready(function($) {\r\n\r\n\/\/write js code under this line \r\n\r\n\r\n\/\/write code above the line \r\n\r\n  });\r\n<\/script>\r\n     <!-- Appointment area start -->\r\n\t <section class=\"appointment-area section-space theme-bg-5\">\r\n         <div class=\"container\">\r\n            <div class=\"row gy-50 align-items-center wow fadeIn\" data-wow-delay=\"0.5s\">\r\n               <div class=\"col-xxl-6 col-xl-6\">\r\n                  <div class=\"appointment-input-wrapper-2\">\r\n                     <h3 class=\"appointment-input-title\"><\/h3>\r\n                     \n<div class=\"wpcf7 no-js\" id=\"wpcf7-f3477-o1\" lang=\"en-US\" dir=\"ltr\" data-wpcf7-id=\"3477\">\n<div class=\"screen-reader-response\"><p role=\"status\" aria-live=\"polite\" aria-atomic=\"true\"><\/p> <ul><\/ul><\/div>\n<form action=\"\/en\/wp-json\/wp\/v2\/pages\/3470#wpcf7-f3477-o1\" method=\"post\" class=\"wpcf7-form init\" aria-label=\"Contact form\" novalidate=\"novalidate\" data-status=\"init\">\n<div style=\"display: none;\">\n<input type=\"hidden\" name=\"_wpcf7\" value=\"3477\" \/>\n<input type=\"hidden\" name=\"_wpcf7_version\" value=\"6.0.5\" \/>\n<input type=\"hidden\" name=\"_wpcf7_locale\" value=\"en_US\" \/>\n<input type=\"hidden\" name=\"_wpcf7_unit_tag\" value=\"wpcf7-f3477-o1\" \/>\n<input type=\"hidden\" name=\"_wpcf7_container_post\" value=\"0\" \/>\n<input type=\"hidden\" name=\"_wpcf7_posted_data_hash\" value=\"\" \/>\n<\/div>\n<div class=\"row\">\n\t<div class=\"col-lg-6\">\n\t\t<div class=\"contact__from-input\">\n\t\t\t<p><span class=\"wpcf7-form-control-wrap\" data-name=\"text-356\"><input size=\"40\" maxlength=\"400\" class=\"wpcf7-form-control wpcf7-text wpcf7-validates-as-required\" aria-required=\"true\" aria-invalid=\"false\" placeholder=\"Full Name*\" value=\"\" type=\"text\" name=\"text-356\" \/><\/span>\n\t\t\t<\/p>\n\t\t<\/div>\n\t<\/div>\n\t<div class=\"col-lg-6\">\n\t\t<div class=\"contact__from-input\">\n\t\t\t<p><span class=\"wpcf7-form-control-wrap\" data-name=\"email-218\"><input size=\"40\" maxlength=\"400\" class=\"wpcf7-form-control wpcf7-email wpcf7-validates-as-required wpcf7-text wpcf7-validates-as-email\" aria-required=\"true\" aria-invalid=\"false\" placeholder=\"Your Email Address*\" value=\"\" type=\"email\" name=\"email-218\" \/><\/span>\n\t\t\t<\/p>\n\t\t<\/div>\n\t<\/div>\n\t<div class=\"col-lg-6\">\n\t\t<div class=\"contact__from-input\">\n\t\t\t<p><span class=\"wpcf7-form-control-wrap\" data-name=\"tel-683\"><input size=\"40\" maxlength=\"400\" class=\"wpcf7-form-control wpcf7-tel wpcf7-text wpcf7-validates-as-tel\" aria-invalid=\"false\" placeholder=\"Phone Number\" value=\"\" type=\"tel\" name=\"tel-683\" \/><\/span>\n\t\t\t<\/p>\n\t\t<\/div>\n\t<\/div>\n\t<div class=\"col-lg-6\">\n\t\t<div class=\"contact__from-input\">\n\t\t\t<p><span class=\"wpcf7-form-control-wrap\" data-name=\"date-600\"><input class=\"wpcf7-form-control wpcf7-date wpcf7-validates-as-date\" aria-invalid=\"false\" value=\"\" type=\"date\" name=\"date-600\" \/><\/span>\n\t\t\t<\/p>\n\t\t<\/div>\n\t<\/div>\n\t<div class=\"col-lg-12\">\n\t\t<div class=\"contact__select mb-20\">\n\t\t\t<p><span class=\"wpcf7-form-control-wrap\" data-name=\"menu-704\"><select class=\"wpcf7-form-control wpcf7-select\" aria-invalid=\"false\" name=\"menu-704\"><option value=\"Sexual Problems\">Sexual Problems<\/option><option value=\"Pregnancy Follow-up\">Pregnancy Follow-up<\/option><option value=\"Genital Aesthetics\">Genital Aesthetics<\/option><option value=\"Gynecological Surgeries\">Gynecological Surgeries<\/option><option value=\"Gynecological Diseases\">Gynecological Diseases<\/option><option value=\"Urogynecological Diseases\">Urogynecological Diseases<\/option><\/select><\/span>\n\t\t\t<\/p>\n\t\t<\/div>\n\t<\/div>\n\t<div class=\"col-lg-12\">\n\t\t<div class=\"contact__from-input\">\n\t\t\t<p><span class=\"wpcf7-form-control-wrap\" data-name=\"textarea-949\"><textarea cols=\"40\" rows=\"10\" maxlength=\"2000\" class=\"wpcf7-form-control wpcf7-textarea\" aria-invalid=\"false\" placeholder=\"Your Message\" name=\"textarea-949\"><\/textarea><\/span>\n\t\t\t<\/p>\n\t\t<\/div>\n\t<\/div>\n\t<div class=\"col-12\">\n\t\t<p><button class=\"fill-btn w-100\" type=\"submit\"><br \/>\n<span class=\"fill-btn-inner\"><br \/>\n<span class=\"fill-btn-normal\">Book Appointment <i class=\"fa-regular fa-angle-right\"><\/i><\/span><br \/>\n<span class=\"fill-btn-hover\">Book Appointment <i class=\"fa-regular fa-angle-right\"><\/i><\/span><br \/>\n<\/span><br \/>\n<\/button>\n\t\t<\/p>\n\t<\/div>\n<\/div><div class=\"wpcf7-response-output\" aria-hidden=\"true\"><\/div>\n<\/form>\n<\/div>\n\t\r\n                  <\/div>\r\n               <\/div>\r\n               <div class=\"col-xxl-6 col-xl-6\">\r\n                  <div class=\"appointment-thumb-3 w-img\">\r\n\t\t\t\t  \t   \r\n\t\t\t\t\t\t<img decoding=\"async\" src=\"https:\/\/drpinarkadirogullari.com\/wp-content\/uploads\/2023\/11\/team-03.png\" alt=\"\"\/>\r\n\t\t\t\t\t                  <\/div>\r\n               <\/div>\r\n            <\/div>\r\n         <\/div>\r\n      <\/section>\r\n      <!-- Appointment area end -->\r\n\r\n\t  \t\r\n\r\n\r\n             \r\n\t\t\t\t\t\t<\/div>\n\t\t\t\t<\/div>\n\t\t\t\t<\/div>\n\t\t\t\t<\/div>\n\t\t","protected":false},"excerpt":{"rendered":"<p>Cinsel ProblemlerGebelik TakibiGenital EstetikJinekolojik CerrahilerJinekolojik Hastal\u0131klar\u00dcrojinekolojik Hastal\u0131klar Randevu Al Randevu Al<\/p>\n","protected":false},"author":1,"featured_media":0,"parent":0,"menu_order":0,"comment_status":"closed","ping_status":"closed","template":"elementor_header_footer","meta":{"inline_featured_image":false,"footnotes":""},"class_list":["post-3470","page","type-page","status-publish","hentry"],"_links":{"self":[{"href":"https:\/\/drpinarkadirogullari.com\/en\/wp-json\/wp\/v2\/pages\/3470","targetHints":{"allow":["GET"]}}],"collection":[{"href":"https:\/\/drpinarkadirogullari.com\/en\/wp-json\/wp\/v2\/pages"}],"about":[{"href":"https:\/\/drpinarkadirogullari.com\/en\/wp-json\/wp\/v2\/types\/page"}],"author":[{"embeddable":true,"href":"https:\/\/drpinarkadirogullari.com\/en\/wp-json\/wp\/v2\/users\/1"}],"replies":[{"embeddable":true,"href":"https:\/\/drpinarkadirogullari.com\/en\/wp-json\/wp\/v2\/comments?post=3470"}],"version-history":[{"count":3,"href":"https:\/\/drpinarkadirogullari.com\/en\/wp-json\/wp\/v2\/pages\/3470\/revisions"}],"predecessor-version":[{"id":3502,"href":"https:\/\/drpinarkadirogullari.com\/en\/wp-json\/wp\/v2\/pages\/3470\/revisions\/3502"}],"wp:attachment":[{"href":"https:\/\/drpinarkadirogullari.com\/en\/wp-json\/wp\/v2\/media?parent=3470"}],"curies":[{"name":"wp","href":"https:\/\/api.w.org\/{rel}","templated":true}]}}