{"id":4825,"date":"2025-05-22T22:25:41","date_gmt":"2025-05-22T22:25:41","guid":{"rendered":"https:\/\/drpinarkadirogullari.com\/%d8%a3%d9%85%d8%b1%d8%a7%d8%b6-%d8%a7%d9%84%d9%85%d8%b3%d8%a7%d9%84%d9%83-%d8%a7%d9%84%d8%a8%d9%88%d9%84%d9%8a%d8%a9-%d8%a7%d9%84%d9%86%d8%b3%d8%a7%d8%a6%d9%8a%d8%a9\/"},"modified":"2025-11-04T18:14:11","modified_gmt":"2025-11-04T18:14:11","slug":"%d8%a3%d9%85%d8%b1%d8%a7%d8%b6-%d8%a7%d9%84%d9%85%d8%b3%d8%a7%d9%84%d9%83-%d8%a7%d9%84%d8%a8%d9%88%d9%84%d9%8a%d8%a9-%d8%a7%d9%84%d9%86%d8%b3%d8%a7%d8%a6%d9%8a%d8%a9","status":"publish","type":"page","link":"https:\/\/drpinarkadirogullari.com\/ar\/%d8%a3%d9%85%d8%b1%d8%a7%d8%b6-%d8%a7%d9%84%d9%85%d8%b3%d8%a7%d9%84%d9%83-%d8%a7%d9%84%d8%a8%d9%88%d9%84%d9%8a%d8%a9-%d8%a7%d9%84%d9%86%d8%b3%d8%a7%d8%a6%d9%8a%d8%a9\/","title":{"rendered":"\u0623\u0645\u0631\u0627\u0636 \u0627\u0644\u0645\u0633\u0627\u0644\u0643 \u0627\u0644\u0628\u0648\u0644\u064a\u0629 \u0627\u0644\u0646\u0633\u0627\u0626\u064a\u0629"},"content":{"rendered":"\t\t<div data-elementor-type=\"wp-page\" data-elementor-id=\"4825\" class=\"elementor elementor-4825 elementor-4153\">\n\t\t\t\t<div class=\"elementor-element elementor-element-4899868 e-con-full e-flex e-con e-parent\" data-id=\"4899868\" data-element_type=\"container\">\n\t\t\t\t<div class=\"elementor-element elementor-element-4fe3f0e elementor-align-center elementor-widget elementor-widget-dogri_service_post_widget\" data-id=\"4fe3f0e\" data-element_type=\"widget\" data-widget_type=\"dogri_service_post_widget.default\">\n\t\t\t\t<div class=\"elementor-widget-container\">\n\t\t\t\t\t\r\n\r\n\r\n\r\n\t\t\r\n\t\t\t<script>\r\n\t\tjQuery(document).ready(function($) {\r\n\r\n\t\t\/\/write js code under this line \r\n\r\n\t\tvar service = new Swiper(\".service-active-2\", {\r\n\t\t\tslidesPerView: 3,\r\n\t\t\tspaceBetween: 30,\r\n\t\t\tloop: true,\r\n\t\t\tautoplay: {\r\n\t\t\t\tdelay: 3000,\r\n\t\t\t},\r\n\t\t\tpagination: {\r\n\t\t\t\tel: \".bd-swiper-dot\",\r\n\t\t\t\tclickable: true,\r\n\t\t\t},\r\n\t\t\tbreakpoints: {\r\n\t\t\t\t\"1200\": {\r\n\t\t\t\t\tslidesPerView: 3,\r\n\t\t\t\t},\r\n\t\t\t\t\"992\": {\r\n\t\t\t\t\tslidesPerView: 3,\r\n\t\t\t\t},\r\n\t\t\t\t\"768\": {\r\n\t\t\t\t\tslidesPerView: 2,\r\n\t\t\t\t},\r\n\t\t\t\t\"576\": {\r\n\t\t\t\t\tslidesPerView: 1,\r\n\t\t\t\t},\r\n\t\t\t\t\"0\": {\r\n\t\t\t\t\tslidesPerView: 1,\r\n\t\t\t\t},\r\n\t\t\t},\r\n\t\t});\r\n\r\n\t\t\/\/write code above the line \r\n\r\n\t\t});\r\n\t\t<\/script>\r\n\t\r\n\r\n   <!-- Service area start -->\r\n   <section class=\"service-area theme-bg-2 section-space empty-area-title\">\r\n      <div class=\"container\">\r\n         <div class=\"row section-title-spacing justify-content-center\">\r\n\r\n            <div class=\"col-xxl-5 col-xl-5 col-lg-6\">\r\n\t\t\t\t            <\/div>\r\n         <\/div>\r\n         <div class=\"row gy-5\">\r\n\t\t\t         <\/div>\r\n         <div class=\"btn-wrapper text-center\">\r\n            <a href=\"\" class=\"fill-btn\">\r\n               <span class=\"fill-btn-inner\">\r\n                  <span class=\"fill-btn-normal\"><i class=\"fa-regular fa-angle-right\"><\/i><\/span>\r\n                  <span class=\"fill-btn-hover\"><i class=\"fa-regular fa-angle-right\"><\/i><\/span>\r\n               <\/span>\r\n            <\/a>\r\n         <\/div>\t\t \r\n      <\/div>\r\n   <\/section>\r\n   <!-- Service area end -->\r\n\r\n\t\t\r\n\r\n\r\n\r\n\t\t\t\t\t<\/div>\n\t\t\t\t<\/div>\n\t\t\t\t<\/div>\n\t\t\t\t<\/div>\n\t\t","protected":false},"excerpt":{"rendered":"<p>\u0130DRAR KA\u00c7\u0131RMA VE TEDAVI Y\u00d6NTEMLERI FETAL DNA TEST\u0130 (NIPT)<\/p>\n","protected":false},"author":1,"featured_media":0,"parent":0,"menu_order":0,"comment_status":"closed","ping_status":"closed","template":"elementor_header_footer","meta":{"inline_featured_image":false,"footnotes":""},"class_list":["post-4825","page","type-page","status-publish","hentry"],"_links":{"self":[{"href":"https:\/\/drpinarkadirogullari.com\/ar\/wp-json\/wp\/v2\/pages\/4825","targetHints":{"allow":["GET"]}}],"collection":[{"href":"https:\/\/drpinarkadirogullari.com\/ar\/wp-json\/wp\/v2\/pages"}],"about":[{"href":"https:\/\/drpinarkadirogullari.com\/ar\/wp-json\/wp\/v2\/types\/page"}],"author":[{"embeddable":true,"href":"https:\/\/drpinarkadirogullari.com\/ar\/wp-json\/wp\/v2\/users\/1"}],"replies":[{"embeddable":true,"href":"https:\/\/drpinarkadirogullari.com\/ar\/wp-json\/wp\/v2\/comments?post=4825"}],"version-history":[{"count":1,"href":"https:\/\/drpinarkadirogullari.com\/ar\/wp-json\/wp\/v2\/pages\/4825\/revisions"}],"predecessor-version":[{"id":4826,"href":"https:\/\/drpinarkadirogullari.com\/ar\/wp-json\/wp\/v2\/pages\/4825\/revisions\/4826"}],"wp:attachment":[{"href":"https:\/\/drpinarkadirogullari.com\/ar\/wp-json\/wp\/v2\/media?parent=4825"}],"curies":[{"name":"wp","href":"https:\/\/api.w.org\/{rel}","templated":true}]}}