{"id":4133,"date":"2023-11-19T10:59:49","date_gmt":"2023-11-19T10:59:49","guid":{"rendered":"https:\/\/drpinarkadirogullari.com\/about-me\/"},"modified":"2025-11-04T17:53:02","modified_gmt":"2025-11-04T17:53:02","slug":"about-me","status":"publish","type":"page","link":"http:\/\/drpinarkadirogullari.com\/en\/about-me\/","title":{"rendered":"About me"},"content":{"rendered":"\t\t<div data-elementor-type=\"wp-page\" data-elementor-id=\"4133\" class=\"elementor elementor-4133 elementor-526\">\n\t\t\t\t<div class=\"elementor-element elementor-element-b8acadf e-flex e-con-boxed e-con e-parent\" data-id=\"b8acadf\" data-element_type=\"container\">\n\t\t\t\t\t<div class=\"e-con-inner\">\n\t\t\t\t<div class=\"elementor-element elementor-element-ced52bf elementor-widget elementor-widget-html\" data-id=\"ced52bf\" data-element_type=\"widget\" data-widget_type=\"html.default\">\n\t\t\t\t<div class=\"elementor-widget-container\">\n\t\t\t\t\t<section class=\"bio-section\">\n  <div class=\"container\">\n    <h2 class=\"bio-title\">Associate Professor\nDr. P\u0131nar Kadiro\u011fullar\u0131<\/h2>\n\n<p>Associate Professor Dr. P\u0131nar Kadiro\u011fullar\u0131 stands out with her academic and clinical experience in the field of obstetrics and gynecology, offering holistic and contemporary approaches to women\u2019s health. She was born on May 19, 1983, in Anamur, Mersin. She completed her primary and secondary education at Anamur Atat\u00fcrk Primary School and her high school education at Anamur High School.<\/p>\n\n<p>She began her medical studies at Ankara University Faculty of Medicine in 2001 and graduated in 2007. After working for a short period in the 112 Emergency Unit of Karaman Ermenek State Hospital, she started her specialization training in the Obstetrics and Gynecology Clinic at Ankara Numune Training and Research Hospital in 2008 and earned the title of Specialist in Obstetrics and Gynecology in 2012.<\/p>\n\n<p>Between 2013 and 2014, she completed her compulsory service at Ankara \u00c7ubuk Halil \u015e\u0131vg\u0131n State Hospital.<\/p>\n\n<p>From 2014 to 2019, she worked at the University of Health Sciences Istanbul Kanuni Sultan S\u00fcleyman Training and Research Hospital, where she successfully managed numerous high-risk pregnancies and performed both vaginal and cesarean deliveries. She also conducted a wide range of surgical procedures, particularly open and closed gynecological surgeries. During this period, she actively contributed to the education of many resident doctors, taking part in both theoretical and practical training.<\/p>\n\n<p>Between 2019 and 2025, Dr. Kadiro\u011fullar\u0131 served as an Associate Professor at Ac\u0131badem Atakent Hospital, where she performed advanced procedures in gynecological endoscopic and laparoscopic surgery, genital aesthetic surgeries, urinary incontinence, and pelvic floor surgeries.<\/p>\n\n<p>Renowned for her work in open and minimally invasive surgeries, genital aesthetics, and regenerative gynecology, Dr. Kadiro\u011fullar\u0131 has authored and translated numerous scientific publications and book chapters at national and international levels. She has also participated as a speaker in many medical congresses.<\/p>\n\n<p>As of 2025, she welcomes her patients at her own private clinic in Ni\u015fanta\u015f\u0131, Istanbul, continuing to provide personalized, ethical, and evidence-based care in women\u2019s health.<\/p>\n\n  <\/div>\n<\/section>\n\n<style>\n.bio-section {\n  background-color: #f9f9f9;\n  padding: 60px 20px;\n  font-family: 'Helvetica Neue', sans-serif;\n  color: #333;\n}\n\n.container {\n  max-width: 800px;\n  margin: 0 auto;\n}\n\n.bio-title {\n  font-size: 32px;\n  color: #A2886A;\n  font-weight: 700;\n  margin-bottom: 30px;\n  text-align: center;\n}\n\n.bio-section p {\n  font-size: 18px;\n  line-height: 1.7;\n  margin-bottom: 20px;\n}\n\n@media (max-width: 768px) {\n  .bio-title {\n    font-size: 26px;\n  }\n\n  .bio-section p {\n    font-size: 16px;\n  }\n}\n<\/style>\n\t\t\t\t<\/div>\n\t\t\t\t<\/div>\n\t\t\t\t\t<\/div>\n\t\t\t\t<\/div>\n\t\t<div class=\"elementor-element elementor-element-51251c3 e-con-full e-flex e-con e-parent\" data-id=\"51251c3\" data-element_type=\"container\">\n\t\t\t\t<div class=\"elementor-element elementor-element-8b9a594 elementor-widget elementor-widget-work_process\" data-id=\"8b9a594\" data-element_type=\"widget\" data-widget_type=\"work_process.default\">\n\t\t\t\t<div class=\"elementor-widget-container\">\n\t\t\t\t\t\r\n\r\n\t <script>\r\n jQuery(document).ready(function($) {\r\n\r\n\/\/write js code under this line \r\n\r\n\r\n\/\/write code above the line \r\n\r\n  });\r\n<\/script>\r\n\t<!-- Working area start -->\r\n\t<section class=\"work-area section-space fix\">\r\n\t\t<div class=\"container\">\r\n\t\t<div class=\"row justify-content-center section__title-space\">\r\n\t\t\t<div class=\"col-xxl-6 col-xl-6 col-lg-6 col-md-8\">\r\n\t\t\t\t<div class=\"section-title-wrapper-2 text-center section-title-space\">\r\n\t\t\t\t\t<span class=\"section-subtitle-2 mb-15\">Our process<\/span>\r\n\t\t\t\t\t<h2 class=\"section-title mb-20\">How We Work<\/h2>\r\n\t\t\t\t\t<p class=\"mb-0\"><\/p>\r\n\t\t\t\t<\/div>\r\n\t\t\t<\/div>\r\n\t\t<\/div>\r\n\t\t<div class=\"row wow fadeInUp\" data-wow-delay=\".3s\">\r\n\t\t\t<div class=\"col-xxl-12\">\r\n\t\t\t\t<div class=\"work-main p-relative\">\r\n\t\t\t\t\t<div class=\"work-line\">\r\n\t\t\t\t\t\r\n\t\t\t\t\t   \r\n\t\t\t\t\t\t<img decoding=\"async\" src=\"http:\/\/drpinarkadirogullari.com\/wp-content\/uploads\/2023\/11\/work-line-1.png\" alt=\"\"\/>\r\n\t\t\t\t\t\r\n\t\t\t\t\t<\/div>\r\n\t\t\t\t\t<div class=\"row g-5\">\r\n\t\t\t\t\t\t\t\t\t\t<div class=\"col-xxl-4 col-xl-4 col-lg-4\">\r\n\t\t\t\t\t\t<div class=\"working-item text-center\">\r\n\t\t\t\t\t\t\t<div class=\"working-icon\">\r\n\t\t\t\t\t\t\t\t<span>\r\n\t\t\t\t\t\t\t\t\t\t\t\t\t\t\t\t\t<img decoding=\"async\" src=\"http:\/\/drpinarkadirogullari.com\/wp-content\/uploads\/2023\/11\/work-icon-1.png\" alt=\"\">\r\n\t\t\t\t\t\t\t\t\t\t\t\t\t\t\t\t<\/span>\r\n\t\t\t\t\t\t\t<\/div>\r\n\t\t\t\t\t\t\t<div class=\"working-contentt\">\r\n\t\t\t\t\t\t\t<h4>Initial Assessment<\/h4>\r\n                     \t\t<p>Your complaints will be listened to, your medical history will be taken, and the necessary examination will be carried out. <\/p>\r\n\t\t\t\t\t\t\t<\/div>\r\n\t\t\t\t\t\t<\/div>\r\n\t\t\t\t\t<\/div>\r\n\t\t\t\t\t\t\t\t\t\t<div class=\"col-xxl-4 col-xl-4 col-lg-4\">\r\n\t\t\t\t\t\t<div class=\"working-item text-center\">\r\n\t\t\t\t\t\t\t<div class=\"working-icon\">\r\n\t\t\t\t\t\t\t\t<span>\r\n\t\t\t\t\t\t\t\t\t\t\t\t\t\t\t\t\t<img decoding=\"async\" src=\"http:\/\/drpinarkadirogullari.com\/wp-content\/uploads\/2023\/11\/work-icon-2.png\" alt=\"\">\r\n\t\t\t\t\t\t\t\t\t\t\t\t\t\t\t\t<\/span>\r\n\t\t\t\t\t\t\t<\/div>\r\n\t\t\t\t\t\t\t<div class=\"working-contentt\">\r\n\t\t\t\t\t\t\t<h4>Diagnosis and Planning<\/h4>\r\n                     \t\t<p>A definitive diagnosis is made with the necessary tests, and the treatment process is planned. <\/p>\r\n\t\t\t\t\t\t\t<\/div>\r\n\t\t\t\t\t\t<\/div>\r\n\t\t\t\t\t<\/div>\r\n\t\t\t\t\t\t\t\t\t\t<div class=\"col-xxl-4 col-xl-4 col-lg-4\">\r\n\t\t\t\t\t\t<div class=\"working-item text-center\">\r\n\t\t\t\t\t\t\t<div class=\"working-icon\">\r\n\t\t\t\t\t\t\t\t<span>\r\n\t\t\t\t\t\t\t\t\t\t\t\t\t\t\t\t\t<img decoding=\"async\" src=\"http:\/\/drpinarkadirogullari.com\/wp-content\/uploads\/2023\/11\/work-icon-3-1.png\" alt=\"\">\r\n\t\t\t\t\t\t\t\t\t\t\t\t\t\t\t\t<\/span>\r\n\t\t\t\t\t\t\t<\/div>\r\n\t\t\t\t\t\t\t<div class=\"working-contentt\">\r\n\t\t\t\t\t\t\t<h4>Treatment and Follow-up<\/h4>\r\n                     \t\t<p>Treatment is initiated and regular follow-up is provided throughout the process. <\/p>\r\n\t\t\t\t\t\t\t<\/div>\r\n\t\t\t\t\t\t<\/div>\r\n\t\t\t\t\t<\/div>\r\n\t\t\t\t\t\t\t\t\t\t<\/div>\r\n\t\t\t\t<\/div>\r\n\t\t\t<\/div>\r\n\t\t<\/div>\r\n\t\t<\/div>\r\n\t<\/section>\r\n\t<!-- Working area end -->\r\n\r\n\t\t\t\r\n             \r\n\t\t\t\t\t\t<\/div>\n\t\t\t\t<\/div>\n\t\t\t\t<\/div>\n\t\t\t\t<\/div>\n\t\t","protected":false},"excerpt":{"rendered":"<p>Associate Professor Dr. P\u0131nar Kadiro\u011fullar\u0131 Associate Professor Dr. P\u0131nar Kadiro\u011fullar\u0131 stands out with her academic and clinical experience in the field of obstetrics and gynecology, offering holistic and contemporary approaches to women\u2019s health. She was born on May 19, 1983, in Anamur, Mersin. She completed her primary and secondary education at Anamur Atat\u00fcrk Primary School [&hellip;]<\/p>\n","protected":false},"author":1,"featured_media":0,"parent":0,"menu_order":0,"comment_status":"closed","ping_status":"closed","template":"elementor_header_footer","meta":{"inline_featured_image":false,"footnotes":""},"class_list":["post-4133","page","type-page","status-publish","hentry"],"_links":{"self":[{"href":"http:\/\/drpinarkadirogullari.com\/en\/wp-json\/wp\/v2\/pages\/4133","targetHints":{"allow":["GET"]}}],"collection":[{"href":"http:\/\/drpinarkadirogullari.com\/en\/wp-json\/wp\/v2\/pages"}],"about":[{"href":"http:\/\/drpinarkadirogullari.com\/en\/wp-json\/wp\/v2\/types\/page"}],"author":[{"embeddable":true,"href":"http:\/\/drpinarkadirogullari.com\/en\/wp-json\/wp\/v2\/users\/1"}],"replies":[{"embeddable":true,"href":"http:\/\/drpinarkadirogullari.com\/en\/wp-json\/wp\/v2\/comments?post=4133"}],"version-history":[{"count":4,"href":"http:\/\/drpinarkadirogullari.com\/en\/wp-json\/wp\/v2\/pages\/4133\/revisions"}],"predecessor-version":[{"id":4301,"href":"http:\/\/drpinarkadirogullari.com\/en\/wp-json\/wp\/v2\/pages\/4133\/revisions\/4301"}],"wp:attachment":[{"href":"http:\/\/drpinarkadirogullari.com\/en\/wp-json\/wp\/v2\/media?parent=4133"}],"curies":[{"name":"wp","href":"https:\/\/api.w.org\/{rel}","templated":true}]}}