{"id":4131,"date":"2025-05-04T19:11:47","date_gmt":"2025-05-04T19:11:47","guid":{"rendered":"https:\/\/drpinarkadirogullari.com\/genital-aesthetics\/"},"modified":"2025-11-04T17:46:44","modified_gmt":"2025-11-04T17:46:44","slug":"genital-aesthetics","status":"publish","type":"page","link":"http:\/\/drpinarkadirogullari.com\/en\/genital-aesthetics\/","title":{"rendered":"Genital Aesthetics"},"content":{"rendered":"\t\t<div data-elementor-type=\"wp-page\" data-elementor-id=\"4131\" class=\"elementor elementor-4131 elementor-2809\">\n\t\t\t\t<div class=\"elementor-element elementor-element-4899868 e-con-full e-flex e-con e-parent\" data-id=\"4899868\" data-element_type=\"container\">\n\t\t\t\t<div class=\"elementor-element elementor-element-4fe3f0e elementor-align-center elementor-widget elementor-widget-dogri_service_post_widget\" data-id=\"4fe3f0e\" data-element_type=\"widget\" data-widget_type=\"dogri_service_post_widget.default\">\n\t\t\t\t<div class=\"elementor-widget-container\">\n\t\t\t\t\t\r\n\r\n\r\n\r\n\t\t\r\n\t\t\t<script>\r\n\t\tjQuery(document).ready(function($) {\r\n\r\n\t\t\/\/write js code under this line \r\n\r\n\t\tvar service = new Swiper(\".service-active-2\", {\r\n\t\t\tslidesPerView: 3,\r\n\t\t\tspaceBetween: 30,\r\n\t\t\tloop: true,\r\n\t\t\tautoplay: {\r\n\t\t\t\tdelay: 3000,\r\n\t\t\t},\r\n\t\t\tpagination: {\r\n\t\t\t\tel: \".bd-swiper-dot\",\r\n\t\t\t\tclickable: true,\r\n\t\t\t},\r\n\t\t\tbreakpoints: {\r\n\t\t\t\t\"1200\": {\r\n\t\t\t\t\tslidesPerView: 3,\r\n\t\t\t\t},\r\n\t\t\t\t\"992\": {\r\n\t\t\t\t\tslidesPerView: 3,\r\n\t\t\t\t},\r\n\t\t\t\t\"768\": {\r\n\t\t\t\t\tslidesPerView: 2,\r\n\t\t\t\t},\r\n\t\t\t\t\"576\": {\r\n\t\t\t\t\tslidesPerView: 1,\r\n\t\t\t\t},\r\n\t\t\t\t\"0\": {\r\n\t\t\t\t\tslidesPerView: 1,\r\n\t\t\t\t},\r\n\t\t\t},\r\n\t\t});\r\n\r\n\t\t\/\/write code above the line \r\n\r\n\t\t});\r\n\t\t<\/script>\r\n\t\r\n\r\n   <!-- Service area start -->\r\n   <section class=\"service-area theme-bg-2 section-space empty-area-title\">\r\n      <div class=\"container\">\r\n         <div class=\"row section-title-spacing justify-content-center\">\r\n\r\n            <div class=\"col-xxl-5 col-xl-5 col-lg-6\">\r\n\t\t\t\t            <\/div>\r\n         <\/div>\r\n         <div class=\"row gy-5\">\r\n\t\t\t            <div class=\"col-xxl-4 col-xl-4 col-lg-4 col-md-6\">\r\n               <div class=\"service-item wow fadeInUp\" data-wow-delay=\".3s\">\r\n                  <div class=\"service-thumb w-img\">\r\n\r\n                     <a href=\"http:\/\/drpinarkadirogullari.com\/en\/services\/vajina-daratlma\/\"><img decoding=\"async\" src=\"http:\/\/drpinarkadirogullari.com\/wp-content\/uploads\/2025\/04\/Vajina-Daratlma-633x675.png\" alt=\"\"><\/a>\r\n\t\t\t\t\t\r\n                  <\/div>\r\n                  <div class=\"service-content\">\r\n                     <h4><a href=\"http:\/\/drpinarkadirogullari.com\/en\/services\/vajina-daratlma\/\">Vajinoplasti (Vajina Daraltma Ameliyat\u0131)<\/a><\/h4>\r\n                     <p><\/p>\r\n                     <div class=\"service-link\"><a href=\"http:\/\/drpinarkadirogullari.com\/en\/services\/vajina-daratlma\/\"><i\r\n                              class=\"fa-regular fa-angle-right\"><\/i><\/a>\r\n                     <\/div>\r\n                     <div class=\"service-icon\">\r\n\t\t\t\t\t                      <\/div>\r\n                  <\/div>\r\n               <\/div>\r\n            <\/div>\r\n\t\t\t            <div class=\"col-xxl-4 col-xl-4 col-lg-4 col-md-6\">\r\n               <div class=\"service-item wow fadeInUp\" data-wow-delay=\".3s\">\r\n                  <div class=\"service-thumb w-img\">\r\n\r\n                     <a href=\"http:\/\/drpinarkadirogullari.com\/en\/services\/kizlik-zari-onarimi-himenoplasti\/\"><img decoding=\"async\" src=\"http:\/\/drpinarkadirogullari.com\/wp-content\/uploads\/2025\/04\/Kizlik-Zari-Onarimi-633x675.png\" alt=\"\"><\/a>\r\n\t\t\t\t\t\r\n                  <\/div>\r\n                  <div class=\"service-content\">\r\n                     <h4><a href=\"http:\/\/drpinarkadirogullari.com\/en\/services\/kizlik-zari-onarimi-himenoplasti\/\">K\u0131zl\u0131k Zar\u0131 Onar\u0131m\u0131 (Himenoplasti)<\/a><\/h4>\r\n                     <p><\/p>\r\n                     <div class=\"service-link\"><a href=\"http:\/\/drpinarkadirogullari.com\/en\/services\/kizlik-zari-onarimi-himenoplasti\/\"><i\r\n                              class=\"fa-regular fa-angle-right\"><\/i><\/a>\r\n                     <\/div>\r\n                     <div class=\"service-icon\">\r\n\t\t\t\t\t                      <\/div>\r\n                  <\/div>\r\n               <\/div>\r\n            <\/div>\r\n\t\t\t            <div class=\"col-xxl-4 col-xl-4 col-lg-4 col-md-6\">\r\n               <div class=\"service-item wow fadeInUp\" data-wow-delay=\".3s\">\r\n                  <div class=\"service-thumb w-img\">\r\n\r\n                     <a href=\"http:\/\/drpinarkadirogullari.com\/en\/services\/labioplasti-ic-dudak-estetigi\/\"><img decoding=\"async\" src=\"http:\/\/drpinarkadirogullari.com\/wp-content\/uploads\/2025\/04\/Labioplasti-Ic-Dudak-Estetigi-633x675.png\" alt=\"\"><\/a>\r\n\t\t\t\t\t\r\n                  <\/div>\r\n                  <div class=\"service-content\">\r\n                     <h4><a href=\"http:\/\/drpinarkadirogullari.com\/en\/services\/labioplasti-ic-dudak-estetigi\/\">Labioplasti (\u0130\u00e7 Dudak Esteti\u011fi)<\/a><\/h4>\r\n                     <p><\/p>\r\n                     <div class=\"service-link\"><a href=\"http:\/\/drpinarkadirogullari.com\/en\/services\/labioplasti-ic-dudak-estetigi\/\"><i\r\n                              class=\"fa-regular fa-angle-right\"><\/i><\/a>\r\n                     <\/div>\r\n                     <div class=\"service-icon\">\r\n\t\t\t\t\t                      <\/div>\r\n                  <\/div>\r\n               <\/div>\r\n            <\/div>\r\n\t\t\t            <div class=\"col-xxl-4 col-xl-4 col-lg-4 col-md-6\">\r\n               <div class=\"service-item wow fadeInUp\" data-wow-delay=\".3s\">\r\n                  <div class=\"service-thumb w-img\">\r\n\r\n                     <a href=\"http:\/\/drpinarkadirogullari.com\/en\/services\/kadinlarda-buyuk-dudak-dolgunlastirma\/\"><img decoding=\"async\" src=\"http:\/\/drpinarkadirogullari.com\/wp-content\/uploads\/2025\/04\/Kadinlarda-Buyuk-Dudak-633x675.png\" alt=\"\"><\/a>\r\n\t\t\t\t\t\r\n                  <\/div>\r\n                  <div class=\"service-content\">\r\n                     <h4><a href=\"http:\/\/drpinarkadirogullari.com\/en\/services\/kadinlarda-buyuk-dudak-dolgunlastirma\/\">Kad\u0131nlarda B\u00fcy\u00fck Dudak Dolgunla\u015ft\u0131rma<\/a><\/h4>\r\n                     <p><\/p>\r\n                     <div class=\"service-link\"><a href=\"http:\/\/drpinarkadirogullari.com\/en\/services\/kadinlarda-buyuk-dudak-dolgunlastirma\/\"><i\r\n                              class=\"fa-regular fa-angle-right\"><\/i><\/a>\r\n                     <\/div>\r\n                     <div class=\"service-icon\">\r\n\t\t\t\t\t                      <\/div>\r\n                  <\/div>\r\n               <\/div>\r\n            <\/div>\r\n\t\t\t            <div class=\"col-xxl-4 col-xl-4 col-lg-4 col-md-6\">\r\n               <div class=\"service-item wow fadeInUp\" data-wow-delay=\".3s\">\r\n                  <div class=\"service-thumb w-img\">\r\n\r\n                     <a href=\"http:\/\/drpinarkadirogullari.com\/en\/services\/kadinlarda-cinsel-istek-ve-haz-artirici-cerrahi-ve-klinik-islemler\/\"><img decoding=\"async\" src=\"http:\/\/drpinarkadirogullari.com\/wp-content\/uploads\/2025\/04\/Kadinlarda-Cinsel-Istek-ve-Haz-Artirici-Cerrahi-ve-Klinik-Islemler-633x675.png\" alt=\"\"><\/a>\r\n\t\t\t\t\t\r\n                  <\/div>\r\n                  <div class=\"service-content\">\r\n                     <h4><a href=\"http:\/\/drpinarkadirogullari.com\/en\/services\/kadinlarda-cinsel-istek-ve-haz-artirici-cerrahi-ve-klinik-islemler\/\">Kad\u0131nlarda Cinsel \u0130stek ve Haz Art\u0131r\u0131c\u0131 Cerrahi<\/a><\/h4>\r\n                     <p><\/p>\r\n                     <div class=\"service-link\"><a href=\"http:\/\/drpinarkadirogullari.com\/en\/services\/kadinlarda-cinsel-istek-ve-haz-artirici-cerrahi-ve-klinik-islemler\/\"><i\r\n                              class=\"fa-regular fa-angle-right\"><\/i><\/a>\r\n                     <\/div>\r\n                     <div class=\"service-icon\">\r\n\t\t\t\t\t                      <\/div>\r\n                  <\/div>\r\n               <\/div>\r\n            <\/div>\r\n\t\t\t            <div class=\"col-xxl-4 col-xl-4 col-lg-4 col-md-6\">\r\n               <div class=\"service-item wow fadeInUp\" data-wow-delay=\".3s\">\r\n                  <div class=\"service-thumb w-img\">\r\n\r\n                     <a href=\"http:\/\/drpinarkadirogullari.com\/en\/services\/epizyotomi-skar-onarimi-ve-perinoplasti-dogum-sonrasi-estetik-ve-fonksiyonel-duzeltme\/\"><img decoding=\"async\" src=\"http:\/\/drpinarkadirogullari.com\/wp-content\/uploads\/2025\/04\/Epizyotomi-Skar-Onarimi-ve-Perinoplasti-633x675.png\" alt=\"\"><\/a>\r\n\t\t\t\t\t\r\n                  <\/div>\r\n                  <div class=\"service-content\">\r\n                     <h4><a href=\"http:\/\/drpinarkadirogullari.com\/en\/services\/epizyotomi-skar-onarimi-ve-perinoplasti-dogum-sonrasi-estetik-ve-fonksiyonel-duzeltme\/\">Epizyotomi Skar Onar\u0131m\u0131 ve Perinoplasti: Do\u011fum Sonras\u0131<\/a><\/h4>\r\n                     <p><\/p>\r\n                     <div class=\"service-link\"><a href=\"http:\/\/drpinarkadirogullari.com\/en\/services\/epizyotomi-skar-onarimi-ve-perinoplasti-dogum-sonrasi-estetik-ve-fonksiyonel-duzeltme\/\"><i\r\n                              class=\"fa-regular fa-angle-right\"><\/i><\/a>\r\n                     <\/div>\r\n                     <div class=\"service-icon\">\r\n\t\t\t\t\t                      <\/div>\r\n                  <\/div>\r\n               <\/div>\r\n            <\/div>\r\n\t\t\t            <div class=\"col-xxl-4 col-xl-4 col-lg-4 col-md-6\">\r\n               <div class=\"service-item wow fadeInUp\" data-wow-delay=\".3s\">\r\n                  <div class=\"service-thumb w-img\">\r\n\r\n                     <a href=\"http:\/\/drpinarkadirogullari.com\/en\/services\/mons-pubis-estetigi\/\"><img decoding=\"async\" src=\"http:\/\/drpinarkadirogullari.com\/wp-content\/uploads\/2025\/04\/Mons-Pubis-633x675.png\" alt=\"\"><\/a>\r\n\t\t\t\t\t\r\n                  <\/div>\r\n                  <div class=\"service-content\">\r\n                     <h4><a href=\"http:\/\/drpinarkadirogullari.com\/en\/services\/mons-pubis-estetigi\/\">Mons Pubis Esteti\u011fi<\/a><\/h4>\r\n                     <p><\/p>\r\n                     <div class=\"service-link\"><a href=\"http:\/\/drpinarkadirogullari.com\/en\/services\/mons-pubis-estetigi\/\"><i\r\n                              class=\"fa-regular fa-angle-right\"><\/i><\/a>\r\n                     <\/div>\r\n                     <div class=\"service-icon\">\r\n\t\t\t\t\t                      <\/div>\r\n                  <\/div>\r\n               <\/div>\r\n            <\/div>\r\n\t\t\t            <div class=\"col-xxl-4 col-xl-4 col-lg-4 col-md-6\">\r\n               <div class=\"service-item wow fadeInUp\" data-wow-delay=\".3s\">\r\n                  <div class=\"service-thumb w-img\">\r\n\r\n                     <a href=\"http:\/\/drpinarkadirogullari.com\/en\/services\/kadinlarda-genital-bolge-renk-acma\/\"><img decoding=\"async\" src=\"http:\/\/drpinarkadirogullari.com\/wp-content\/uploads\/2025\/04\/Kadinlarda-Genital-Bolge-Renk-Acma-633x675.png\" alt=\"\"><\/a>\r\n\t\t\t\t\t\r\n                  <\/div>\r\n                  <div class=\"service-content\">\r\n                     <h4><a href=\"http:\/\/drpinarkadirogullari.com\/en\/services\/kadinlarda-genital-bolge-renk-acma\/\">Kad\u0131nlarda Genital B\u00f6lge Renk A\u00e7ma<\/a><\/h4>\r\n                     <p><\/p>\r\n                     <div class=\"service-link\"><a href=\"http:\/\/drpinarkadirogullari.com\/en\/services\/kadinlarda-genital-bolge-renk-acma\/\"><i\r\n                              class=\"fa-regular fa-angle-right\"><\/i><\/a>\r\n                     <\/div>\r\n                     <div class=\"service-icon\">\r\n\t\t\t\t\t                      <\/div>\r\n                  <\/div>\r\n               <\/div>\r\n            <\/div>\r\n\t\t\t            <div class=\"col-xxl-4 col-xl-4 col-lg-4 col-md-6\">\r\n               <div class=\"service-item wow fadeInUp\" data-wow-delay=\".3s\">\r\n                  <div class=\"service-thumb w-img\">\r\n\r\n                     <a href=\"http:\/\/drpinarkadirogullari.com\/en\/services\/jinekolojide-exosom-uygulamalari\/\"><img decoding=\"async\" src=\"http:\/\/drpinarkadirogullari.com\/wp-content\/uploads\/2025\/04\/Jinekolojide-Exosom-Uygulamalari-633x675.png\" alt=\"\"><\/a>\r\n\t\t\t\t\t\r\n                  <\/div>\r\n                  <div class=\"service-content\">\r\n                     <h4><a href=\"http:\/\/drpinarkadirogullari.com\/en\/services\/jinekolojide-exosom-uygulamalari\/\">Jinekolojide Exosom Uygulamalar\u0131<\/a><\/h4>\r\n                     <p><\/p>\r\n                     <div class=\"service-link\"><a href=\"http:\/\/drpinarkadirogullari.com\/en\/services\/jinekolojide-exosom-uygulamalari\/\"><i\r\n                              class=\"fa-regular fa-angle-right\"><\/i><\/a>\r\n                     <\/div>\r\n                     <div class=\"service-icon\">\r\n\t\t\t\t\t                      <\/div>\r\n                  <\/div>\r\n               <\/div>\r\n            <\/div>\r\n\t\t\t            <div class=\"col-xxl-4 col-xl-4 col-lg-4 col-md-6\">\r\n               <div class=\"service-item wow fadeInUp\" data-wow-delay=\".3s\">\r\n                  <div class=\"service-thumb w-img\">\r\n\r\n                     <a href=\"http:\/\/drpinarkadirogullari.com\/en\/services\/jinekolojide-mezoterapi-uygulamalari\/\"><img decoding=\"async\" src=\"http:\/\/drpinarkadirogullari.com\/wp-content\/uploads\/2025\/04\/Jinekolojide-Mezoterapi-Uygulamalari-633x675.png\" alt=\"\"><\/a>\r\n\t\t\t\t\t\r\n                  <\/div>\r\n                  <div class=\"service-content\">\r\n                     <h4><a href=\"http:\/\/drpinarkadirogullari.com\/en\/services\/jinekolojide-mezoterapi-uygulamalari\/\">Jinekolojide Mezoterapi Uygulamalar\u0131<\/a><\/h4>\r\n                     <p><\/p>\r\n                     <div class=\"service-link\"><a href=\"http:\/\/drpinarkadirogullari.com\/en\/services\/jinekolojide-mezoterapi-uygulamalari\/\"><i\r\n                              class=\"fa-regular fa-angle-right\"><\/i><\/a>\r\n                     <\/div>\r\n                     <div class=\"service-icon\">\r\n\t\t\t\t\t                      <\/div>\r\n                  <\/div>\r\n               <\/div>\r\n            <\/div>\r\n\t\t\t            <div class=\"col-xxl-4 col-xl-4 col-lg-4 col-md-6\">\r\n               <div class=\"service-item wow fadeInUp\" data-wow-delay=\".3s\">\r\n                  <div class=\"service-thumb w-img\">\r\n\r\n                     <a href=\"http:\/\/drpinarkadirogullari.com\/en\/services\/jinekolojide-hyaluronik-asit-uygulamalari\/\"><img decoding=\"async\" src=\"http:\/\/drpinarkadirogullari.com\/wp-content\/uploads\/2025\/04\/Jinekolojide-Hyaluronik-Asit-Uygulamalari-633x675.png\" alt=\"\"><\/a>\r\n\t\t\t\t\t\r\n                  <\/div>\r\n                  <div class=\"service-content\">\r\n                     <h4><a href=\"http:\/\/drpinarkadirogullari.com\/en\/services\/jinekolojide-hyaluronik-asit-uygulamalari\/\">Jinekolojide Hyaluronik Asit Uygulamalar\u0131<\/a><\/h4>\r\n                     <p><\/p>\r\n                     <div class=\"service-link\"><a href=\"http:\/\/drpinarkadirogullari.com\/en\/services\/jinekolojide-hyaluronik-asit-uygulamalari\/\"><i\r\n                              class=\"fa-regular fa-angle-right\"><\/i><\/a>\r\n                     <\/div>\r\n                     <div class=\"service-icon\">\r\n\t\t\t\t\t                      <\/div>\r\n                  <\/div>\r\n               <\/div>\r\n            <\/div>\r\n\t\t\t            <div class=\"col-xxl-4 col-xl-4 col-lg-4 col-md-6\">\r\n               <div class=\"service-item wow fadeInUp\" data-wow-delay=\".3s\">\r\n                  <div class=\"service-thumb w-img\">\r\n\r\n                     <a href=\"http:\/\/drpinarkadirogullari.com\/en\/services\/kadinlarda-mons-pubis-lipoliz-uygulamasi\/\"><img decoding=\"async\" src=\"http:\/\/drpinarkadirogullari.com\/wp-content\/uploads\/2025\/04\/Mons-Pubis-633x675.png\" alt=\"\"><\/a>\r\n\t\t\t\t\t\r\n                  <\/div>\r\n                  <div class=\"service-content\">\r\n                     <h4><a href=\"http:\/\/drpinarkadirogullari.com\/en\/services\/kadinlarda-mons-pubis-lipoliz-uygulamasi\/\">Kad\u0131nlarda Mons Pubis Lipoliz Uygulamas\u0131<\/a><\/h4>\r\n                     <p><\/p>\r\n                     <div class=\"service-link\"><a href=\"http:\/\/drpinarkadirogullari.com\/en\/services\/kadinlarda-mons-pubis-lipoliz-uygulamasi\/\"><i\r\n                              class=\"fa-regular fa-angle-right\"><\/i><\/a>\r\n                     <\/div>\r\n                     <div class=\"service-icon\">\r\n\t\t\t\t\t                      <\/div>\r\n                  <\/div>\r\n               <\/div>\r\n            <\/div>\r\n\t\t\t            <div class=\"col-xxl-4 col-xl-4 col-lg-4 col-md-6\">\r\n               <div class=\"service-item wow fadeInUp\" data-wow-delay=\".3s\">\r\n                  <div class=\"service-thumb w-img\">\r\n\r\n                     <a href=\"http:\/\/drpinarkadirogullari.com\/en\/services\/gebelik-catlaklari-ve-sezaryen-izleri-icin-lazer-tedavisi\/\"><img decoding=\"async\" src=\"http:\/\/drpinarkadirogullari.com\/wp-content\/uploads\/2025\/04\/Gebelik-Catlaklari-ve-Sezaryen-Izleri-Icin-Lazer-Tedavisi-633x675.png\" alt=\"\"><\/a>\r\n\t\t\t\t\t\r\n                  <\/div>\r\n                  <div class=\"service-content\">\r\n                     <h4><a href=\"http:\/\/drpinarkadirogullari.com\/en\/services\/gebelik-catlaklari-ve-sezaryen-izleri-icin-lazer-tedavisi\/\">Gebelik \u00c7atlaklar\u0131 ve Sezaryen \u0130zleri \u0130\u00e7in Lazer<\/a><\/h4>\r\n                     <p><\/p>\r\n                     <div class=\"service-link\"><a href=\"http:\/\/drpinarkadirogullari.com\/en\/services\/gebelik-catlaklari-ve-sezaryen-izleri-icin-lazer-tedavisi\/\"><i\r\n                              class=\"fa-regular fa-angle-right\"><\/i><\/a>\r\n                     <\/div>\r\n                     <div class=\"service-icon\">\r\n\t\t\t\t\t                      <\/div>\r\n                  <\/div>\r\n               <\/div>\r\n            <\/div>\r\n\t\t\t            <div class=\"col-xxl-4 col-xl-4 col-lg-4 col-md-6\">\r\n               <div class=\"service-item wow fadeInUp\" data-wow-delay=\".3s\">\r\n                  <div class=\"service-thumb w-img\">\r\n\r\n                     <a href=\"http:\/\/drpinarkadirogullari.com\/en\/services\/jinekolojide-genital-estetik-icin-lazer-kullanimi\/\"><img decoding=\"async\" src=\"http:\/\/drpinarkadirogullari.com\/wp-content\/uploads\/2025\/04\/Jinekolojide-Genital-Estetik-Icin-Lazer-Kullanimi-633x675.png\" alt=\"\"><\/a>\r\n\t\t\t\t\t\r\n                  <\/div>\r\n                  <div class=\"service-content\">\r\n                     <h4><a href=\"http:\/\/drpinarkadirogullari.com\/en\/services\/jinekolojide-genital-estetik-icin-lazer-kullanimi\/\">Jinekolojide Genital Estetik \u0130\u00e7in Lazer Kullan\u0131m\u0131<\/a><\/h4>\r\n                     <p><\/p>\r\n                     <div class=\"service-link\"><a href=\"http:\/\/drpinarkadirogullari.com\/en\/services\/jinekolojide-genital-estetik-icin-lazer-kullanimi\/\"><i\r\n                              class=\"fa-regular fa-angle-right\"><\/i><\/a>\r\n                     <\/div>\r\n                     <div class=\"service-icon\">\r\n\t\t\t\t\t                      <\/div>\r\n                  <\/div>\r\n               <\/div>\r\n            <\/div>\r\n\t\t\t         <\/div>\r\n         <div class=\"btn-wrapper text-center\">\r\n            <a href=\"\" class=\"fill-btn\">\r\n               <span class=\"fill-btn-inner\">\r\n                  <span class=\"fill-btn-normal\"><i class=\"fa-regular fa-angle-right\"><\/i><\/span>\r\n                  <span class=\"fill-btn-hover\"><i class=\"fa-regular fa-angle-right\"><\/i><\/span>\r\n               <\/span>\r\n            <\/a>\r\n         <\/div>\t\t \r\n      <\/div>\r\n   <\/section>\r\n   <!-- Service area end -->\r\n\r\n\t\t\r\n\r\n\r\n\r\n\t\t\t\t\t<\/div>\n\t\t\t\t<\/div>\n\t\t\t\t<\/div>\n\t\t\t\t<\/div>\n\t\t","protected":false},"excerpt":{"rendered":"<p>Labioplasti Clone Labioplasti Jinekolojide Genital Estetik \u0130\u00e7in Lazer Kullan\u0131m\u0131 Gebelik \u00c7atlaklar\u0131 ve Sezaryen \u0130zleri \u0130\u00e7in<\/p>\n","protected":false},"author":1,"featured_media":0,"parent":0,"menu_order":0,"comment_status":"closed","ping_status":"closed","template":"elementor_header_footer","meta":{"inline_featured_image":false,"footnotes":""},"class_list":["post-4131","page","type-page","status-publish","hentry"],"_links":{"self":[{"href":"http:\/\/drpinarkadirogullari.com\/en\/wp-json\/wp\/v2\/pages\/4131","targetHints":{"allow":["GET"]}}],"collection":[{"href":"http:\/\/drpinarkadirogullari.com\/en\/wp-json\/wp\/v2\/pages"}],"about":[{"href":"http:\/\/drpinarkadirogullari.com\/en\/wp-json\/wp\/v2\/types\/page"}],"author":[{"embeddable":true,"href":"http:\/\/drpinarkadirogullari.com\/en\/wp-json\/wp\/v2\/users\/1"}],"replies":[{"embeddable":true,"href":"http:\/\/drpinarkadirogullari.com\/en\/wp-json\/wp\/v2\/comments?post=4131"}],"version-history":[{"count":1,"href":"http:\/\/drpinarkadirogullari.com\/en\/wp-json\/wp\/v2\/pages\/4131\/revisions"}],"predecessor-version":[{"id":4132,"href":"http:\/\/drpinarkadirogullari.com\/en\/wp-json\/wp\/v2\/pages\/4131\/revisions\/4132"}],"wp:attachment":[{"href":"http:\/\/drpinarkadirogullari.com\/en\/wp-json\/wp\/v2\/media?parent=4131"}],"curies":[{"name":"wp","href":"https:\/\/api.w.org\/{rel}","templated":true}]}}