{"id":3894,"date":"2025-05-04T19:04:38","date_gmt":"2025-05-04T19:04:38","guid":{"rendered":"https:\/\/drpinarkadirogullari.com\/sexual-problems\/"},"modified":"2025-11-04T17:44:58","modified_gmt":"2025-11-04T17:44:58","slug":"sexual-problems","status":"publish","type":"page","link":"http:\/\/drpinarkadirogullari.com\/en\/sexual-problems\/","title":{"rendered":"Sexual Problems"},"content":{"rendered":"\t\t<div data-elementor-type=\"wp-page\" data-elementor-id=\"3894\" class=\"elementor elementor-3894 elementor-2793\">\n\t\t\t\t<div class=\"elementor-element elementor-element-4899868 e-con-full e-flex e-con e-parent\" data-id=\"4899868\" data-element_type=\"container\">\n\t\t\t\t<div class=\"elementor-element elementor-element-4fe3f0e elementor-align-center elementor-widget elementor-widget-dogri_service_post_widget\" data-id=\"4fe3f0e\" data-element_type=\"widget\" data-widget_type=\"dogri_service_post_widget.default\">\n\t\t\t\t<div class=\"elementor-widget-container\">\n\t\t\t\t\t\r\n\r\n\r\n\r\n\t\t\r\n\t\t\t<script>\r\n\t\tjQuery(document).ready(function($) {\r\n\r\n\t\t\/\/write js code under this line \r\n\r\n\t\tvar service = new Swiper(\".service-active-2\", {\r\n\t\t\tslidesPerView: 3,\r\n\t\t\tspaceBetween: 30,\r\n\t\t\tloop: true,\r\n\t\t\tautoplay: {\r\n\t\t\t\tdelay: 3000,\r\n\t\t\t},\r\n\t\t\tpagination: {\r\n\t\t\t\tel: \".bd-swiper-dot\",\r\n\t\t\t\tclickable: true,\r\n\t\t\t},\r\n\t\t\tbreakpoints: {\r\n\t\t\t\t\"1200\": {\r\n\t\t\t\t\tslidesPerView: 3,\r\n\t\t\t\t},\r\n\t\t\t\t\"992\": {\r\n\t\t\t\t\tslidesPerView: 3,\r\n\t\t\t\t},\r\n\t\t\t\t\"768\": {\r\n\t\t\t\t\tslidesPerView: 2,\r\n\t\t\t\t},\r\n\t\t\t\t\"576\": {\r\n\t\t\t\t\tslidesPerView: 1,\r\n\t\t\t\t},\r\n\t\t\t\t\"0\": {\r\n\t\t\t\t\tslidesPerView: 1,\r\n\t\t\t\t},\r\n\t\t\t},\r\n\t\t});\r\n\r\n\t\t\/\/write code above the line \r\n\r\n\t\t});\r\n\t\t<\/script>\r\n\t\r\n\r\n   <!-- Service area start -->\r\n   <section class=\"service-area theme-bg-2 section-space empty-area-title\">\r\n      <div class=\"container\">\r\n         <div class=\"row section-title-spacing justify-content-center\">\r\n\r\n            <div class=\"col-xxl-5 col-xl-5 col-lg-6\">\r\n\t\t\t\t            <\/div>\r\n         <\/div>\r\n         <div class=\"row gy-5\">\r\n\t\t\t            <div class=\"col-xxl-4 col-xl-4 col-lg-4 col-md-6\">\r\n               <div class=\"service-item wow fadeInUp\" data-wow-delay=\".3s\">\r\n                  <div class=\"service-thumb w-img\">\r\n\r\n                     <a href=\"http:\/\/drpinarkadirogullari.com\/en\/services\/kadinlarda-cinsel-isteksizlik\/\"><img decoding=\"async\" src=\"http:\/\/drpinarkadirogullari.com\/wp-content\/uploads\/2025\/04\/Kadinlarda-Cinsel-Isteksizlik-633x675.png\" alt=\"\"><\/a>\r\n\t\t\t\t\t\r\n                  <\/div>\r\n                  <div class=\"service-content\">\r\n                     <h4><a href=\"http:\/\/drpinarkadirogullari.com\/en\/services\/kadinlarda-cinsel-isteksizlik\/\">Kad\u0131nlarda Cinsel \u0130steksizlik<\/a><\/h4>\r\n                     <p><\/p>\r\n                     <div class=\"service-link\"><a href=\"http:\/\/drpinarkadirogullari.com\/en\/services\/kadinlarda-cinsel-isteksizlik\/\"><i\r\n                              class=\"fa-regular fa-angle-right\"><\/i><\/a>\r\n                     <\/div>\r\n                     <div class=\"service-icon\">\r\n\t\t\t\t\t                      <\/div>\r\n                  <\/div>\r\n               <\/div>\r\n            <\/div>\r\n\t\t\t            <div class=\"col-xxl-4 col-xl-4 col-lg-4 col-md-6\">\r\n               <div class=\"service-item wow fadeInUp\" data-wow-delay=\".3s\">\r\n                  <div class=\"service-thumb w-img\">\r\n\r\n                     <a href=\"http:\/\/drpinarkadirogullari.com\/en\/services\/kadinlarda-orgazm-bozuklugu\/\"><img decoding=\"async\" src=\"http:\/\/drpinarkadirogullari.com\/wp-content\/uploads\/2025\/04\/Kadinlarda-Orgazm-Bozuklugu-633x675.png\" alt=\"\"><\/a>\r\n\t\t\t\t\t\r\n                  <\/div>\r\n                  <div class=\"service-content\">\r\n                     <h4><a href=\"http:\/\/drpinarkadirogullari.com\/en\/services\/kadinlarda-orgazm-bozuklugu\/\">Kad\u0131nlarda Orgazm Bozuklu\u011fu<\/a><\/h4>\r\n                     <p><\/p>\r\n                     <div class=\"service-link\"><a href=\"http:\/\/drpinarkadirogullari.com\/en\/services\/kadinlarda-orgazm-bozuklugu\/\"><i\r\n                              class=\"fa-regular fa-angle-right\"><\/i><\/a>\r\n                     <\/div>\r\n                     <div class=\"service-icon\">\r\n\t\t\t\t\t                      <\/div>\r\n                  <\/div>\r\n               <\/div>\r\n            <\/div>\r\n\t\t\t            <div class=\"col-xxl-4 col-xl-4 col-lg-4 col-md-6\">\r\n               <div class=\"service-item wow fadeInUp\" data-wow-delay=\".3s\">\r\n                  <div class=\"service-thumb w-img\">\r\n\r\n                     <a href=\"http:\/\/drpinarkadirogullari.com\/en\/services\/vajinismus\/\"><img decoding=\"async\" src=\"http:\/\/drpinarkadirogullari.com\/wp-content\/uploads\/2025\/04\/ChatGPT-Image-4-May-2025-12_55_30-633x675.png\" alt=\"\"><\/a>\r\n\t\t\t\t\t\r\n                  <\/div>\r\n                  <div class=\"service-content\">\r\n                     <h4><a href=\"http:\/\/drpinarkadirogullari.com\/en\/services\/vajinismus\/\">Vajinismus<\/a><\/h4>\r\n                     <p><\/p>\r\n                     <div class=\"service-link\"><a href=\"http:\/\/drpinarkadirogullari.com\/en\/services\/vajinismus\/\"><i\r\n                              class=\"fa-regular fa-angle-right\"><\/i><\/a>\r\n                     <\/div>\r\n                     <div class=\"service-icon\">\r\n\t\t\t\t\t                      <\/div>\r\n                  <\/div>\r\n               <\/div>\r\n            <\/div>\r\n\t\t\t            <div class=\"col-xxl-4 col-xl-4 col-lg-4 col-md-6\">\r\n               <div class=\"service-item wow fadeInUp\" data-wow-delay=\".3s\">\r\n                  <div class=\"service-thumb w-img\">\r\n\r\n                     <a href=\"http:\/\/drpinarkadirogullari.com\/en\/services\/kadinlarda-uyarilma-bozukluklari\/\"><img decoding=\"async\" src=\"http:\/\/drpinarkadirogullari.com\/wp-content\/uploads\/2025\/04\/Kadinlarda-Uyarilma-Bozukluklari-633x675.png\" alt=\"\"><\/a>\r\n\t\t\t\t\t\r\n                  <\/div>\r\n                  <div class=\"service-content\">\r\n                     <h4><a href=\"http:\/\/drpinarkadirogullari.com\/en\/services\/kadinlarda-uyarilma-bozukluklari\/\">Kad\u0131nlarda Uyar\u0131lma Bozukluklar\u0131<\/a><\/h4>\r\n                     <p><\/p>\r\n                     <div class=\"service-link\"><a href=\"http:\/\/drpinarkadirogullari.com\/en\/services\/kadinlarda-uyarilma-bozukluklari\/\"><i\r\n                              class=\"fa-regular fa-angle-right\"><\/i><\/a>\r\n                     <\/div>\r\n                     <div class=\"service-icon\">\r\n\t\t\t\t\t                      <\/div>\r\n                  <\/div>\r\n               <\/div>\r\n            <\/div>\r\n\t\t\t            <div class=\"col-xxl-4 col-xl-4 col-lg-4 col-md-6\">\r\n               <div class=\"service-item wow fadeInUp\" data-wow-delay=\".3s\">\r\n                  <div class=\"service-thumb w-img\">\r\n\r\n                     <a href=\"http:\/\/drpinarkadirogullari.com\/en\/services\/kadinlarda-cinsel-istek-bozukluklari\/\"><img decoding=\"async\" src=\"http:\/\/drpinarkadirogullari.com\/wp-content\/uploads\/2025\/04\/Kadinlarda-Cinsel-Istek-Bozukluklari-633x675.png\" alt=\"\"><\/a>\r\n\t\t\t\t\t\r\n                  <\/div>\r\n                  <div class=\"service-content\">\r\n                     <h4><a href=\"http:\/\/drpinarkadirogullari.com\/en\/services\/kadinlarda-cinsel-istek-bozukluklari\/\">Kad\u0131nlarda Cinsel \u0130stek Bozukluklar\u0131<\/a><\/h4>\r\n                     <p><\/p>\r\n                     <div class=\"service-link\"><a href=\"http:\/\/drpinarkadirogullari.com\/en\/services\/kadinlarda-cinsel-istek-bozukluklari\/\"><i\r\n                              class=\"fa-regular fa-angle-right\"><\/i><\/a>\r\n                     <\/div>\r\n                     <div class=\"service-icon\">\r\n\t\t\t\t\t                      <\/div>\r\n                  <\/div>\r\n               <\/div>\r\n            <\/div>\r\n\t\t\t            <div class=\"col-xxl-4 col-xl-4 col-lg-4 col-md-6\">\r\n               <div class=\"service-item wow fadeInUp\" data-wow-delay=\".3s\">\r\n                  <div class=\"service-thumb w-img\">\r\n\r\n                     <a href=\"http:\/\/drpinarkadirogullari.com\/en\/services\/kadinlarda-normal-dogum-sonrasi-cinsel-iliski\/\"><img decoding=\"async\" src=\"http:\/\/drpinarkadirogullari.com\/wp-content\/uploads\/2025\/04\/Kadinlarda-Normal-Dogum-Sonrasi-Cinsel-Iliski-633x675.png\" alt=\"\"><\/a>\r\n\t\t\t\t\t\r\n                  <\/div>\r\n                  <div class=\"service-content\">\r\n                     <h4><a href=\"http:\/\/drpinarkadirogullari.com\/en\/services\/kadinlarda-normal-dogum-sonrasi-cinsel-iliski\/\">Kad\u0131nlarda Normal Do\u011fum Sonras\u0131 Cinsel \u0130li\u015fki<\/a><\/h4>\r\n                     <p><\/p>\r\n                     <div class=\"service-link\"><a href=\"http:\/\/drpinarkadirogullari.com\/en\/services\/kadinlarda-normal-dogum-sonrasi-cinsel-iliski\/\"><i\r\n                              class=\"fa-regular fa-angle-right\"><\/i><\/a>\r\n                     <\/div>\r\n                     <div class=\"service-icon\">\r\n\t\t\t\t\t                      <\/div>\r\n                  <\/div>\r\n               <\/div>\r\n            <\/div>\r\n\t\t\t            <div class=\"col-xxl-4 col-xl-4 col-lg-4 col-md-6\">\r\n               <div class=\"service-item wow fadeInUp\" data-wow-delay=\".3s\">\r\n                  <div class=\"service-thumb w-img\">\r\n\r\n                     <a href=\"http:\/\/drpinarkadirogullari.com\/en\/services\/kadinlarda-disparoni\/\"><img decoding=\"async\" src=\"http:\/\/drpinarkadirogullari.com\/wp-content\/uploads\/2025\/04\/ChatGPT-Image-4-May-2025-13_04_28-633x675.png\" alt=\"\"><\/a>\r\n\t\t\t\t\t\r\n                  <\/div>\r\n                  <div class=\"service-content\">\r\n                     <h4><a href=\"http:\/\/drpinarkadirogullari.com\/en\/services\/kadinlarda-disparoni\/\">Kad\u0131nlarda Disparoni<\/a><\/h4>\r\n                     <p><\/p>\r\n                     <div class=\"service-link\"><a href=\"http:\/\/drpinarkadirogullari.com\/en\/services\/kadinlarda-disparoni\/\"><i\r\n                              class=\"fa-regular fa-angle-right\"><\/i><\/a>\r\n                     <\/div>\r\n                     <div class=\"service-icon\">\r\n\t\t\t\t\t                      <\/div>\r\n                  <\/div>\r\n               <\/div>\r\n            <\/div>\r\n\t\t\t            <div class=\"col-xxl-4 col-xl-4 col-lg-4 col-md-6\">\r\n               <div class=\"service-item wow fadeInUp\" data-wow-delay=\".3s\">\r\n                  <div class=\"service-thumb w-img\">\r\n\r\n                     <a href=\"http:\/\/drpinarkadirogullari.com\/en\/services\/kadinlarda-sezaryen-sonrasi-cinsel-iliski\/\"><img decoding=\"async\" src=\"http:\/\/drpinarkadirogullari.com\/wp-content\/uploads\/2025\/04\/Kadinlarda-Sezaryen-Sonrasi-Cinsel-Iliski-633x675.png\" alt=\"\"><\/a>\r\n\t\t\t\t\t\r\n                  <\/div>\r\n                  <div class=\"service-content\">\r\n                     <h4><a href=\"http:\/\/drpinarkadirogullari.com\/en\/services\/kadinlarda-sezaryen-sonrasi-cinsel-iliski\/\">Kad\u0131nlarda Sezaryen Sonras\u0131 Cinsel \u0130li\u015fki<\/a><\/h4>\r\n                     <p><\/p>\r\n                     <div class=\"service-link\"><a href=\"http:\/\/drpinarkadirogullari.com\/en\/services\/kadinlarda-sezaryen-sonrasi-cinsel-iliski\/\"><i\r\n                              class=\"fa-regular fa-angle-right\"><\/i><\/a>\r\n                     <\/div>\r\n                     <div class=\"service-icon\">\r\n\t\t\t\t\t                      <\/div>\r\n                  <\/div>\r\n               <\/div>\r\n            <\/div>\r\n\t\t\t         <\/div>\r\n         <div class=\"btn-wrapper text-center\">\r\n            <a href=\"\" class=\"fill-btn\">\r\n               <span class=\"fill-btn-inner\">\r\n                  <span class=\"fill-btn-normal\"><i class=\"fa-regular fa-angle-right\"><\/i><\/span>\r\n                  <span class=\"fill-btn-hover\"><i class=\"fa-regular fa-angle-right\"><\/i><\/span>\r\n               <\/span>\r\n            <\/a>\r\n         <\/div>\t\t \r\n      <\/div>\r\n   <\/section>\r\n   <!-- Service area end -->\r\n\r\n\t\t\r\n\r\n\r\n\r\n\t\t\t\t\t<\/div>\n\t\t\t\t<\/div>\n\t\t\t\t<\/div>\n\t\t\t\t<\/div>\n\t\t","protected":false},"excerpt":{"rendered":"<p>Kad\u0131nlarda Sezaryen Sonras\u0131 Cinsel \u0130li\u015fki Kad\u0131nlarda Normal Do\u011fum Sonras\u0131 Cinsel \u0130li\u015fki Kad\u0131nlarda Disparoni Kad\u0131nlarda Cinsel<\/p>\n","protected":false},"author":1,"featured_media":0,"parent":0,"menu_order":0,"comment_status":"closed","ping_status":"closed","template":"elementor_header_footer","meta":{"inline_featured_image":false,"footnotes":""},"class_list":["post-3894","page","type-page","status-publish","hentry"],"_links":{"self":[{"href":"http:\/\/drpinarkadirogullari.com\/en\/wp-json\/wp\/v2\/pages\/3894","targetHints":{"allow":["GET"]}}],"collection":[{"href":"http:\/\/drpinarkadirogullari.com\/en\/wp-json\/wp\/v2\/pages"}],"about":[{"href":"http:\/\/drpinarkadirogullari.com\/en\/wp-json\/wp\/v2\/types\/page"}],"author":[{"embeddable":true,"href":"http:\/\/drpinarkadirogullari.com\/en\/wp-json\/wp\/v2\/users\/1"}],"replies":[{"embeddable":true,"href":"http:\/\/drpinarkadirogullari.com\/en\/wp-json\/wp\/v2\/comments?post=3894"}],"version-history":[{"count":1,"href":"http:\/\/drpinarkadirogullari.com\/en\/wp-json\/wp\/v2\/pages\/3894\/revisions"}],"predecessor-version":[{"id":3895,"href":"http:\/\/drpinarkadirogullari.com\/en\/wp-json\/wp\/v2\/pages\/3894\/revisions\/3895"}],"wp:attachment":[{"href":"http:\/\/drpinarkadirogullari.com\/en\/wp-json\/wp\/v2\/media?parent=3894"}],"curies":[{"name":"wp","href":"https:\/\/api.w.org\/{rel}","templated":true}]}}