{"id":4812,"date":"2025-05-04T19:10:37","date_gmt":"2025-05-04T19:10:37","guid":{"rendered":"https:\/\/drpinarkadirogullari.com\/%d9%85%d8%b1%d8%a7%d9%82%d8%a8%d8%a9-%d8%a7%d9%84%d8%ad%d9%85%d9%84\/"},"modified":"2025-11-04T18:10:08","modified_gmt":"2025-11-04T18:10:08","slug":"%d9%85%d8%b1%d8%a7%d9%82%d8%a8%d8%a9-%d8%a7%d9%84%d8%ad%d9%85%d9%84","status":"publish","type":"page","link":"http:\/\/drpinarkadirogullari.com\/ar\/%d9%85%d8%b1%d8%a7%d9%82%d8%a8%d8%a9-%d8%a7%d9%84%d8%ad%d9%85%d9%84\/","title":{"rendered":"\u0645\u0631\u0627\u0642\u0628\u0629 \u0627\u0644\u062d\u0645\u0644"},"content":{"rendered":"\t\t<div data-elementor-type=\"wp-page\" data-elementor-id=\"4812\" class=\"elementor elementor-4812 elementor-4128\">\n\t\t\t\t<div class=\"elementor-element elementor-element-4899868 e-con-full e-flex e-con e-parent\" data-id=\"4899868\" data-element_type=\"container\">\n\t\t\t\t<div class=\"elementor-element elementor-element-4fe3f0e elementor-align-center elementor-widget elementor-widget-dogri_service_post_widget\" data-id=\"4fe3f0e\" data-element_type=\"widget\" data-widget_type=\"dogri_service_post_widget.default\">\n\t\t\t\t<div class=\"elementor-widget-container\">\n\t\t\t\t\t\r\n\r\n\r\n\r\n\t\t\r\n\t\t\t<script>\r\n\t\tjQuery(document).ready(function($) {\r\n\r\n\t\t\/\/write js code under this line \r\n\r\n\t\tvar service = new Swiper(\".service-active-2\", {\r\n\t\t\tslidesPerView: 3,\r\n\t\t\tspaceBetween: 30,\r\n\t\t\tloop: true,\r\n\t\t\tautoplay: {\r\n\t\t\t\tdelay: 3000,\r\n\t\t\t},\r\n\t\t\tpagination: {\r\n\t\t\t\tel: \".bd-swiper-dot\",\r\n\t\t\t\tclickable: true,\r\n\t\t\t},\r\n\t\t\tbreakpoints: {\r\n\t\t\t\t\"1200\": {\r\n\t\t\t\t\tslidesPerView: 3,\r\n\t\t\t\t},\r\n\t\t\t\t\"992\": {\r\n\t\t\t\t\tslidesPerView: 3,\r\n\t\t\t\t},\r\n\t\t\t\t\"768\": {\r\n\t\t\t\t\tslidesPerView: 2,\r\n\t\t\t\t},\r\n\t\t\t\t\"576\": {\r\n\t\t\t\t\tslidesPerView: 1,\r\n\t\t\t\t},\r\n\t\t\t\t\"0\": {\r\n\t\t\t\t\tslidesPerView: 1,\r\n\t\t\t\t},\r\n\t\t\t},\r\n\t\t});\r\n\r\n\t\t\/\/write code above the line \r\n\r\n\t\t});\r\n\t\t<\/script>\r\n\t\r\n\r\n   <!-- Service area start -->\r\n   <section class=\"service-area theme-bg-2 section-space empty-area-title\">\r\n      <div class=\"container\">\r\n         <div class=\"row section-title-spacing justify-content-center\">\r\n\r\n            <div class=\"col-xxl-5 col-xl-5 col-lg-6\">\r\n\t\t\t\t            <\/div>\r\n         <\/div>\r\n         <div class=\"row gy-5\">\r\n\t\t\t            <div class=\"col-xxl-4 col-xl-4 col-lg-4 col-md-6\">\r\n               <div class=\"service-item wow fadeInUp\" data-wow-delay=\".3s\">\r\n                  <div class=\"service-thumb w-img\">\r\n\r\n                     <a href=\"http:\/\/drpinarkadirogullari.com\/ar\/services\/gebelerde-rahim-agzi-yetmezligi\/\"><img decoding=\"async\" src=\"http:\/\/drpinarkadirogullari.com\/wp-content\/uploads\/2025\/04\/Gebelerde-Rahim-Agzi-Yetmezligi-633x675.png\" alt=\"\"><\/a>\r\n\t\t\t\t\t\r\n                  <\/div>\r\n                  <div class=\"service-content\">\r\n                     <h4><a href=\"http:\/\/drpinarkadirogullari.com\/ar\/services\/gebelerde-rahim-agzi-yetmezligi\/\">Gebelerde Rahim A\u011fz\u0131 Yetmezli\u011fi<\/a><\/h4>\r\n                     <p><\/p>\r\n                     <div class=\"service-link\"><a href=\"http:\/\/drpinarkadirogullari.com\/ar\/services\/gebelerde-rahim-agzi-yetmezligi\/\"><i\r\n                              class=\"fa-regular fa-angle-right\"><\/i><\/a>\r\n                     <\/div>\r\n                     <div class=\"service-icon\">\r\n\t\t\t\t\t                      <\/div>\r\n                  <\/div>\r\n               <\/div>\r\n            <\/div>\r\n\t\t\t            <div class=\"col-xxl-4 col-xl-4 col-lg-4 col-md-6\">\r\n               <div class=\"service-item wow fadeInUp\" data-wow-delay=\".3s\">\r\n                  <div class=\"service-thumb w-img\">\r\n\r\n                     <a href=\"http:\/\/drpinarkadirogullari.com\/ar\/services\/gebelik-kolestazi\/\"><img decoding=\"async\" src=\"http:\/\/drpinarkadirogullari.com\/wp-content\/uploads\/2025\/04\/Gebelik-Kolestazi-633x675.png\" alt=\"\"><\/a>\r\n\t\t\t\t\t\r\n                  <\/div>\r\n                  <div class=\"service-content\">\r\n                     <h4><a href=\"http:\/\/drpinarkadirogullari.com\/ar\/services\/gebelik-kolestazi\/\">Gebelik Kolestaz\u0131<\/a><\/h4>\r\n                     <p><\/p>\r\n                     <div class=\"service-link\"><a href=\"http:\/\/drpinarkadirogullari.com\/ar\/services\/gebelik-kolestazi\/\"><i\r\n                              class=\"fa-regular fa-angle-right\"><\/i><\/a>\r\n                     <\/div>\r\n                     <div class=\"service-icon\">\r\n\t\t\t\t\t                      <\/div>\r\n                  <\/div>\r\n               <\/div>\r\n            <\/div>\r\n\t\t\t            <div class=\"col-xxl-4 col-xl-4 col-lg-4 col-md-6\">\r\n               <div class=\"service-item wow fadeInUp\" data-wow-delay=\".3s\">\r\n                  <div class=\"service-thumb w-img\">\r\n\r\n                     <a href=\"http:\/\/drpinarkadirogullari.com\/ar\/services\/preeklampsi\/\"><img decoding=\"async\" src=\"http:\/\/drpinarkadirogullari.com\/wp-content\/uploads\/2025\/04\/Preeklampsi-633x675.png\" alt=\"\"><\/a>\r\n\t\t\t\t\t\r\n                  <\/div>\r\n                  <div class=\"service-content\">\r\n                     <h4><a href=\"http:\/\/drpinarkadirogullari.com\/ar\/services\/preeklampsi\/\">Preeklampsi<\/a><\/h4>\r\n                     <p><\/p>\r\n                     <div class=\"service-link\"><a href=\"http:\/\/drpinarkadirogullari.com\/ar\/services\/preeklampsi\/\"><i\r\n                              class=\"fa-regular fa-angle-right\"><\/i><\/a>\r\n                     <\/div>\r\n                     <div class=\"service-icon\">\r\n\t\t\t\t\t                      <\/div>\r\n                  <\/div>\r\n               <\/div>\r\n            <\/div>\r\n\t\t\t            <div class=\"col-xxl-4 col-xl-4 col-lg-4 col-md-6\">\r\n               <div class=\"service-item wow fadeInUp\" data-wow-delay=\".3s\">\r\n                  <div class=\"service-thumb w-img\">\r\n\r\n                     <a href=\"http:\/\/drpinarkadirogullari.com\/ar\/services\/nst-non-stres-test\/\"><img decoding=\"async\" src=\"http:\/\/drpinarkadirogullari.com\/wp-content\/uploads\/2025\/04\/NST-Non-Stres-Test-633x675.png\" alt=\"\"><\/a>\r\n\t\t\t\t\t\r\n                  <\/div>\r\n                  <div class=\"service-content\">\r\n                     <h4><a href=\"http:\/\/drpinarkadirogullari.com\/ar\/services\/nst-non-stres-test\/\">NST (Non-Stres Test)<\/a><\/h4>\r\n                     <p><\/p>\r\n                     <div class=\"service-link\"><a href=\"http:\/\/drpinarkadirogullari.com\/ar\/services\/nst-non-stres-test\/\"><i\r\n                              class=\"fa-regular fa-angle-right\"><\/i><\/a>\r\n                     <\/div>\r\n                     <div class=\"service-icon\">\r\n\t\t\t\t\t                      <\/div>\r\n                  <\/div>\r\n               <\/div>\r\n            <\/div>\r\n\t\t\t            <div class=\"col-xxl-4 col-xl-4 col-lg-4 col-md-6\">\r\n               <div class=\"service-item wow fadeInUp\" data-wow-delay=\".3s\">\r\n                  <div class=\"service-thumb w-img\">\r\n\r\n                     <a href=\"http:\/\/drpinarkadirogullari.com\/ar\/services\/ssvd-sezaryen-sonrasi-vajinal-dogum\/\"><img decoding=\"async\" src=\"http:\/\/drpinarkadirogullari.com\/wp-content\/uploads\/2025\/04\/SSVD-Sezaryen-Sonrasi-Vajinal-Dogum-633x675.png\" alt=\"\"><\/a>\r\n\t\t\t\t\t\r\n                  <\/div>\r\n                  <div class=\"service-content\">\r\n                     <h4><a href=\"http:\/\/drpinarkadirogullari.com\/ar\/services\/ssvd-sezaryen-sonrasi-vajinal-dogum\/\">SSVD (Sezaryen Sonras\u0131 Vajinal Do\u011fum)<\/a><\/h4>\r\n                     <p><\/p>\r\n                     <div class=\"service-link\"><a href=\"http:\/\/drpinarkadirogullari.com\/ar\/services\/ssvd-sezaryen-sonrasi-vajinal-dogum\/\"><i\r\n                              class=\"fa-regular fa-angle-right\"><\/i><\/a>\r\n                     <\/div>\r\n                     <div class=\"service-icon\">\r\n\t\t\t\t\t                      <\/div>\r\n                  <\/div>\r\n               <\/div>\r\n            <\/div>\r\n\t\t\t            <div class=\"col-xxl-4 col-xl-4 col-lg-4 col-md-6\">\r\n               <div class=\"service-item wow fadeInUp\" data-wow-delay=\".3s\">\r\n                  <div class=\"service-thumb w-img\">\r\n\r\n                     <a href=\"http:\/\/drpinarkadirogullari.com\/ar\/services\/gebelikte-dusuk-cesitleri\/\"><img decoding=\"async\" src=\"http:\/\/drpinarkadirogullari.com\/wp-content\/uploads\/2025\/04\/Gebelikte-Dusuk-Cesitleri-633x675.png\" alt=\"\"><\/a>\r\n\t\t\t\t\t\r\n                  <\/div>\r\n                  <div class=\"service-content\">\r\n                     <h4><a href=\"http:\/\/drpinarkadirogullari.com\/ar\/services\/gebelikte-dusuk-cesitleri\/\">Gebelikte D\u00fc\u015f\u00fck \u00c7e\u015fitleri<\/a><\/h4>\r\n                     <p><\/p>\r\n                     <div class=\"service-link\"><a href=\"http:\/\/drpinarkadirogullari.com\/ar\/services\/gebelikte-dusuk-cesitleri\/\"><i\r\n                              class=\"fa-regular fa-angle-right\"><\/i><\/a>\r\n                     <\/div>\r\n                     <div class=\"service-icon\">\r\n\t\t\t\t\t                      <\/div>\r\n                  <\/div>\r\n               <\/div>\r\n            <\/div>\r\n\t\t\t            <div class=\"col-xxl-4 col-xl-4 col-lg-4 col-md-6\">\r\n               <div class=\"service-item wow fadeInUp\" data-wow-delay=\".3s\">\r\n                  <div class=\"service-thumb w-img\">\r\n\r\n                     <a href=\"http:\/\/drpinarkadirogullari.com\/ar\/services\/gebelik-takibi\/\"><img decoding=\"async\" src=\"http:\/\/drpinarkadirogullari.com\/wp-content\/uploads\/2025\/04\/Gebelik-Takibi-633x675.png\" alt=\"\"><\/a>\r\n\t\t\t\t\t\r\n                  <\/div>\r\n                  <div class=\"service-content\">\r\n                     <h4><a href=\"http:\/\/drpinarkadirogullari.com\/ar\/services\/gebelik-takibi\/\">Gebelik Takibi<\/a><\/h4>\r\n                     <p><\/p>\r\n                     <div class=\"service-link\"><a href=\"http:\/\/drpinarkadirogullari.com\/ar\/services\/gebelik-takibi\/\"><i\r\n                              class=\"fa-regular fa-angle-right\"><\/i><\/a>\r\n                     <\/div>\r\n                     <div class=\"service-icon\">\r\n\t\t\t\t\t                      <\/div>\r\n                  <\/div>\r\n               <\/div>\r\n            <\/div>\r\n\t\t\t            <div class=\"col-xxl-4 col-xl-4 col-lg-4 col-md-6\">\r\n               <div class=\"service-item wow fadeInUp\" data-wow-delay=\".3s\">\r\n                  <div class=\"service-thumb w-img\">\r\n\r\n                     <a href=\"http:\/\/drpinarkadirogullari.com\/ar\/services\/normal-dogum\/\"><img decoding=\"async\" src=\"http:\/\/drpinarkadirogullari.com\/wp-content\/uploads\/2025\/04\/normal-633x675.png\" alt=\"\"><\/a>\r\n\t\t\t\t\t\r\n                  <\/div>\r\n                  <div class=\"service-content\">\r\n                     <h4><a href=\"http:\/\/drpinarkadirogullari.com\/ar\/services\/normal-dogum\/\">Normal Do\u011fum<\/a><\/h4>\r\n                     <p><\/p>\r\n                     <div class=\"service-link\"><a href=\"http:\/\/drpinarkadirogullari.com\/ar\/services\/normal-dogum\/\"><i\r\n                              class=\"fa-regular fa-angle-right\"><\/i><\/a>\r\n                     <\/div>\r\n                     <div class=\"service-icon\">\r\n\t\t\t\t\t                      <\/div>\r\n                  <\/div>\r\n               <\/div>\r\n            <\/div>\r\n\t\t\t            <div class=\"col-xxl-4 col-xl-4 col-lg-4 col-md-6\">\r\n               <div class=\"service-item wow fadeInUp\" data-wow-delay=\".3s\">\r\n                  <div class=\"service-thumb w-img\">\r\n\r\n                     <a href=\"http:\/\/drpinarkadirogullari.com\/ar\/services\/sezaryen-dogum\/\"><img decoding=\"async\" src=\"http:\/\/drpinarkadirogullari.com\/wp-content\/uploads\/2025\/04\/Sezaryen-633x675.png\" alt=\"\"><\/a>\r\n\t\t\t\t\t\r\n                  <\/div>\r\n                  <div class=\"service-content\">\r\n                     <h4><a href=\"http:\/\/drpinarkadirogullari.com\/ar\/services\/sezaryen-dogum\/\">Sezaryen Do\u011fum<\/a><\/h4>\r\n                     <p><\/p>\r\n                     <div class=\"service-link\"><a href=\"http:\/\/drpinarkadirogullari.com\/ar\/services\/sezaryen-dogum\/\"><i\r\n                              class=\"fa-regular fa-angle-right\"><\/i><\/a>\r\n                     <\/div>\r\n                     <div class=\"service-icon\">\r\n\t\t\t\t\t                      <\/div>\r\n                  <\/div>\r\n               <\/div>\r\n            <\/div>\r\n\t\t\t            <div class=\"col-xxl-4 col-xl-4 col-lg-4 col-md-6\">\r\n               <div class=\"service-item wow fadeInUp\" data-wow-delay=\".3s\">\r\n                  <div class=\"service-thumb w-img\">\r\n\r\n                     <a href=\"http:\/\/drpinarkadirogullari.com\/ar\/services\/agrisiz-dogum-epidural-dogum\/\"><img decoding=\"async\" src=\"http:\/\/drpinarkadirogullari.com\/wp-content\/uploads\/2025\/04\/epidural-Dogumda-Rahatlik-ve-Destek-633x675.png\" alt=\"\"><\/a>\r\n\t\t\t\t\t\r\n                  <\/div>\r\n                  <div class=\"service-content\">\r\n                     <h4><a href=\"http:\/\/drpinarkadirogullari.com\/ar\/services\/agrisiz-dogum-epidural-dogum\/\">A\u011fr\u0131s\u0131z Do\u011fum (Epidural Do\u011fum)<\/a><\/h4>\r\n                     <p><\/p>\r\n                     <div class=\"service-link\"><a href=\"http:\/\/drpinarkadirogullari.com\/ar\/services\/agrisiz-dogum-epidural-dogum\/\"><i\r\n                              class=\"fa-regular fa-angle-right\"><\/i><\/a>\r\n                     <\/div>\r\n                     <div class=\"service-icon\">\r\n\t\t\t\t\t                      <\/div>\r\n                  <\/div>\r\n               <\/div>\r\n            <\/div>\r\n\t\t\t            <div class=\"col-xxl-4 col-xl-4 col-lg-4 col-md-6\">\r\n               <div class=\"service-item wow fadeInUp\" data-wow-delay=\".3s\">\r\n                  <div class=\"service-thumb w-img\">\r\n\r\n                     <a href=\"http:\/\/drpinarkadirogullari.com\/ar\/services\/gebelikte-beslenme\/\"><img decoding=\"async\" src=\"http:\/\/drpinarkadirogullari.com\/wp-content\/uploads\/2025\/04\/Gebelikte-Beslenme-633x675.png\" alt=\"\"><\/a>\r\n\t\t\t\t\t\r\n                  <\/div>\r\n                  <div class=\"service-content\">\r\n                     <h4><a href=\"http:\/\/drpinarkadirogullari.com\/ar\/services\/gebelikte-beslenme\/\">Gebelikte Beslenme<\/a><\/h4>\r\n                     <p><\/p>\r\n                     <div class=\"service-link\"><a href=\"http:\/\/drpinarkadirogullari.com\/ar\/services\/gebelikte-beslenme\/\"><i\r\n                              class=\"fa-regular fa-angle-right\"><\/i><\/a>\r\n                     <\/div>\r\n                     <div class=\"service-icon\">\r\n\t\t\t\t\t                      <\/div>\r\n                  <\/div>\r\n               <\/div>\r\n            <\/div>\r\n\t\t\t            <div class=\"col-xxl-4 col-xl-4 col-lg-4 col-md-6\">\r\n               <div class=\"service-item wow fadeInUp\" data-wow-delay=\".3s\">\r\n                  <div class=\"service-thumb w-img\">\r\n\r\n                     <a href=\"http:\/\/drpinarkadirogullari.com\/ar\/services\/gebelikte-egzersiz\/\"><img decoding=\"async\" src=\"http:\/\/drpinarkadirogullari.com\/wp-content\/uploads\/2025\/04\/Gebelikte-Egzersiz-633x675.png\" alt=\"\"><\/a>\r\n\t\t\t\t\t\r\n                  <\/div>\r\n                  <div class=\"service-content\">\r\n                     <h4><a href=\"http:\/\/drpinarkadirogullari.com\/ar\/services\/gebelikte-egzersiz\/\">Gebelikte Egzersiz<\/a><\/h4>\r\n                     <p><\/p>\r\n                     <div class=\"service-link\"><a href=\"http:\/\/drpinarkadirogullari.com\/ar\/services\/gebelikte-egzersiz\/\"><i\r\n                              class=\"fa-regular fa-angle-right\"><\/i><\/a>\r\n                     <\/div>\r\n                     <div class=\"service-icon\">\r\n\t\t\t\t\t                      <\/div>\r\n                  <\/div>\r\n               <\/div>\r\n            <\/div>\r\n\t\t\t            <div class=\"col-xxl-4 col-xl-4 col-lg-4 col-md-6\">\r\n               <div class=\"service-item wow fadeInUp\" data-wow-delay=\".3s\">\r\n                  <div class=\"service-thumb w-img\">\r\n\r\n                     <a href=\"http:\/\/drpinarkadirogullari.com\/ar\/services\/gebelikte-cinsellik\/\"><img decoding=\"async\" src=\"http:\/\/drpinarkadirogullari.com\/wp-content\/uploads\/2025\/04\/Gebelikte_Mahremiyet_Netlestirilmis-633x675.png\" alt=\"\"><\/a>\r\n\t\t\t\t\t\r\n                  <\/div>\r\n                  <div class=\"service-content\">\r\n                     <h4><a href=\"http:\/\/drpinarkadirogullari.com\/ar\/services\/gebelikte-cinsellik\/\">Gebelikte Cinsellik<\/a><\/h4>\r\n                     <p><\/p>\r\n                     <div class=\"service-link\"><a href=\"http:\/\/drpinarkadirogullari.com\/ar\/services\/gebelikte-cinsellik\/\"><i\r\n                              class=\"fa-regular fa-angle-right\"><\/i><\/a>\r\n                     <\/div>\r\n                     <div class=\"service-icon\">\r\n\t\t\t\t\t                      <\/div>\r\n                  <\/div>\r\n               <\/div>\r\n            <\/div>\r\n\t\t\t            <div class=\"col-xxl-4 col-xl-4 col-lg-4 col-md-6\">\r\n               <div class=\"service-item wow fadeInUp\" data-wow-delay=\".3s\">\r\n                  <div class=\"service-thumb w-img\">\r\n\r\n                     <a href=\"http:\/\/drpinarkadirogullari.com\/ar\/services\/hafta-hafta-gebelik-takibi\/\"><img decoding=\"async\" src=\"http:\/\/drpinarkadirogullari.com\/wp-content\/uploads\/2025\/04\/Hafta-Hafta-Gebelik-Takibi-633x675.png\" alt=\"\"><\/a>\r\n\t\t\t\t\t\r\n                  <\/div>\r\n                  <div class=\"service-content\">\r\n                     <h4><a href=\"http:\/\/drpinarkadirogullari.com\/ar\/services\/hafta-hafta-gebelik-takibi\/\">Hafta Hafta Gebelik Takibi<\/a><\/h4>\r\n                     <p><\/p>\r\n                     <div class=\"service-link\"><a href=\"http:\/\/drpinarkadirogullari.com\/ar\/services\/hafta-hafta-gebelik-takibi\/\"><i\r\n                              class=\"fa-regular fa-angle-right\"><\/i><\/a>\r\n                     <\/div>\r\n                     <div class=\"service-icon\">\r\n\t\t\t\t\t                      <\/div>\r\n                  <\/div>\r\n               <\/div>\r\n            <\/div>\r\n\t\t\t            <div class=\"col-xxl-4 col-xl-4 col-lg-4 col-md-6\">\r\n               <div class=\"service-item wow fadeInUp\" data-wow-delay=\".3s\">\r\n                  <div class=\"service-thumb w-img\">\r\n\r\n                     <a href=\"http:\/\/drpinarkadirogullari.com\/ar\/services\/gebelikte-kilo-alimi-ve-kilo-kontrolu\/\"><img decoding=\"async\" src=\"http:\/\/drpinarkadirogullari.com\/wp-content\/uploads\/2025\/04\/Gebelikte-Kilo-Alimi-ve-Kilo-Kontrolu-633x675.png\" alt=\"\"><\/a>\r\n\t\t\t\t\t\r\n                  <\/div>\r\n                  <div class=\"service-content\">\r\n                     <h4><a href=\"http:\/\/drpinarkadirogullari.com\/ar\/services\/gebelikte-kilo-alimi-ve-kilo-kontrolu\/\">Gebelikte Kilo Al\u0131m\u0131 ve Kilo Kontrol\u00fc<\/a><\/h4>\r\n                     <p><\/p>\r\n                     <div class=\"service-link\"><a href=\"http:\/\/drpinarkadirogullari.com\/ar\/services\/gebelikte-kilo-alimi-ve-kilo-kontrolu\/\"><i\r\n                              class=\"fa-regular fa-angle-right\"><\/i><\/a>\r\n                     <\/div>\r\n                     <div class=\"service-icon\">\r\n\t\t\t\t\t                      <\/div>\r\n                  <\/div>\r\n               <\/div>\r\n            <\/div>\r\n\t\t\t            <div class=\"col-xxl-4 col-xl-4 col-lg-4 col-md-6\">\r\n               <div class=\"service-item wow fadeInUp\" data-wow-delay=\".3s\">\r\n                  <div class=\"service-thumb w-img\">\r\n\r\n                     <a href=\"http:\/\/drpinarkadirogullari.com\/ar\/services\/gebelikte-kullanilmasi-gereken-vitamin-ve-mineral-takviyeleri\/\"><img decoding=\"async\" src=\"http:\/\/drpinarkadirogullari.com\/wp-content\/uploads\/2025\/04\/Gebelikte-Kullanilmasi-Gereken-Vitamin-ve-Mineral-Takviyeleri-633x675.png\" alt=\"\"><\/a>\r\n\t\t\t\t\t\r\n                  <\/div>\r\n                  <div class=\"service-content\">\r\n                     <h4><a href=\"http:\/\/drpinarkadirogullari.com\/ar\/services\/gebelikte-kullanilmasi-gereken-vitamin-ve-mineral-takviyeleri\/\">Gebelikte Kullan\u0131lmas\u0131 Gereken Vitamin ve Mineral Takviyeleri<\/a><\/h4>\r\n                     <p><\/p>\r\n                     <div class=\"service-link\"><a href=\"http:\/\/drpinarkadirogullari.com\/ar\/services\/gebelikte-kullanilmasi-gereken-vitamin-ve-mineral-takviyeleri\/\"><i\r\n                              class=\"fa-regular fa-angle-right\"><\/i><\/a>\r\n                     <\/div>\r\n                     <div class=\"service-icon\">\r\n\t\t\t\t\t                      <\/div>\r\n                  <\/div>\r\n               <\/div>\r\n            <\/div>\r\n\t\t\t         <\/div>\r\n         <div class=\"btn-wrapper text-center\">\r\n            <a href=\"\" class=\"fill-btn\">\r\n               <span class=\"fill-btn-inner\">\r\n                  <span class=\"fill-btn-normal\"><i class=\"fa-regular fa-angle-right\"><\/i><\/span>\r\n                  <span class=\"fill-btn-hover\"><i class=\"fa-regular fa-angle-right\"><\/i><\/span>\r\n               <\/span>\r\n            <\/a>\r\n         <\/div>\t\t \r\n      <\/div>\r\n   <\/section>\r\n   <!-- Service area end -->\r\n\r\n\t\t\r\n\r\n\r\n\r\n\t\t\t\t\t<\/div>\n\t\t\t\t<\/div>\n\t\t\t\t<\/div>\n\t\t\t\t<\/div>\n\t\t","protected":false},"excerpt":{"rendered":"<p>Gebelikte Kullan\u0131lmas\u0131 Gereken Vitamin ve Mineral Takviyeleri Gebelikte Kilo Al\u0131m\u0131 ve Kilo Kontrol\u00fc Hafta Hafta<\/p>\n","protected":false},"author":1,"featured_media":0,"parent":0,"menu_order":0,"comment_status":"closed","ping_status":"closed","template":"elementor_header_footer","meta":{"inline_featured_image":false,"footnotes":""},"class_list":["post-4812","page","type-page","status-publish","hentry"],"_links":{"self":[{"href":"http:\/\/drpinarkadirogullari.com\/ar\/wp-json\/wp\/v2\/pages\/4812","targetHints":{"allow":["GET"]}}],"collection":[{"href":"http:\/\/drpinarkadirogullari.com\/ar\/wp-json\/wp\/v2\/pages"}],"about":[{"href":"http:\/\/drpinarkadirogullari.com\/ar\/wp-json\/wp\/v2\/types\/page"}],"author":[{"embeddable":true,"href":"http:\/\/drpinarkadirogullari.com\/ar\/wp-json\/wp\/v2\/users\/1"}],"replies":[{"embeddable":true,"href":"http:\/\/drpinarkadirogullari.com\/ar\/wp-json\/wp\/v2\/comments?post=4812"}],"version-history":[{"count":1,"href":"http:\/\/drpinarkadirogullari.com\/ar\/wp-json\/wp\/v2\/pages\/4812\/revisions"}],"predecessor-version":[{"id":4813,"href":"http:\/\/drpinarkadirogullari.com\/ar\/wp-json\/wp\/v2\/pages\/4812\/revisions\/4813"}],"wp:attachment":[{"href":"http:\/\/drpinarkadirogullari.com\/ar\/wp-json\/wp\/v2\/media?parent=4812"}],"curies":[{"name":"wp","href":"https:\/\/api.w.org\/{rel}","templated":true}]}}