{"id":4583,"date":"2025-05-04T19:14:08","date_gmt":"2025-05-04T19:14:08","guid":{"rendered":"https:\/\/drpinarkadirogullari.com\/%d8%a3%d9%85%d8%b1%d8%a7%d8%b6-%d8%a7%d9%84%d9%86%d8%b3%d8%a7%d8%a1\/"},"modified":"2025-11-04T18:11:48","modified_gmt":"2025-11-04T18:11:48","slug":"gynecological-diseases","status":"publish","type":"page","link":"http:\/\/drpinarkadirogullari.com\/ar\/gynecological-diseases\/","title":{"rendered":"\u0623\u0645\u0631\u0627\u0636 \u0627\u0644\u0646\u0633\u0627\u0621"},"content":{"rendered":"\t\t<div data-elementor-type=\"wp-page\" data-elementor-id=\"4583\" class=\"elementor elementor-4583 elementor-2817\">\n\t\t\t\t<div class=\"elementor-element elementor-element-4899868 e-con-full e-flex e-con e-parent\" data-id=\"4899868\" data-element_type=\"container\">\n\t\t\t\t<div class=\"elementor-element elementor-element-4fe3f0e elementor-align-center elementor-widget elementor-widget-dogri_service_post_widget\" data-id=\"4fe3f0e\" data-element_type=\"widget\" data-widget_type=\"dogri_service_post_widget.default\">\n\t\t\t\t<div class=\"elementor-widget-container\">\n\t\t\t\t\t\r\n\r\n\r\n\r\n\t\t\r\n\t\t\t<script>\r\n\t\tjQuery(document).ready(function($) {\r\n\r\n\t\t\/\/write js code under this line \r\n\r\n\t\tvar service = new Swiper(\".service-active-2\", {\r\n\t\t\tslidesPerView: 3,\r\n\t\t\tspaceBetween: 30,\r\n\t\t\tloop: true,\r\n\t\t\tautoplay: {\r\n\t\t\t\tdelay: 3000,\r\n\t\t\t},\r\n\t\t\tpagination: {\r\n\t\t\t\tel: \".bd-swiper-dot\",\r\n\t\t\t\tclickable: true,\r\n\t\t\t},\r\n\t\t\tbreakpoints: {\r\n\t\t\t\t\"1200\": {\r\n\t\t\t\t\tslidesPerView: 3,\r\n\t\t\t\t},\r\n\t\t\t\t\"992\": {\r\n\t\t\t\t\tslidesPerView: 3,\r\n\t\t\t\t},\r\n\t\t\t\t\"768\": {\r\n\t\t\t\t\tslidesPerView: 2,\r\n\t\t\t\t},\r\n\t\t\t\t\"576\": {\r\n\t\t\t\t\tslidesPerView: 1,\r\n\t\t\t\t},\r\n\t\t\t\t\"0\": {\r\n\t\t\t\t\tslidesPerView: 1,\r\n\t\t\t\t},\r\n\t\t\t},\r\n\t\t});\r\n\r\n\t\t\/\/write code above the line \r\n\r\n\t\t});\r\n\t\t<\/script>\r\n\t\r\n\r\n   <!-- Service area start -->\r\n   <section class=\"service-area theme-bg-2 section-space empty-area-title\">\r\n      <div class=\"container\">\r\n         <div class=\"row section-title-spacing justify-content-center\">\r\n\r\n            <div class=\"col-xxl-5 col-xl-5 col-lg-6\">\r\n\t\t\t\t            <\/div>\r\n         <\/div>\r\n         <div class=\"row gy-5\">\r\n\t\t\t            <div class=\"col-xxl-4 col-xl-4 col-lg-4 col-md-6\">\r\n               <div class=\"service-item wow fadeInUp\" data-wow-delay=\".3s\">\r\n                  <div class=\"service-thumb w-img\">\r\n\r\n                     <a href=\"http:\/\/drpinarkadirogullari.com\/ar\/services\/hpv-nedir-belirtileri-ve-korunma-yollari\/\"><img decoding=\"async\" src=\"http:\/\/drpinarkadirogullari.com\/wp-content\/uploads\/2025\/04\/HPV-Nedir-633x675.png\" alt=\"\"><\/a>\r\n\t\t\t\t\t\r\n                  <\/div>\r\n                  <div class=\"service-content\">\r\n                     <h4><a href=\"http:\/\/drpinarkadirogullari.com\/ar\/services\/hpv-nedir-belirtileri-ve-korunma-yollari\/\">HPV Nedir? Belirtileri ve Korunma Yollar\u0131<\/a><\/h4>\r\n                     <p><\/p>\r\n                     <div class=\"service-link\"><a href=\"http:\/\/drpinarkadirogullari.com\/ar\/services\/hpv-nedir-belirtileri-ve-korunma-yollari\/\"><i\r\n                              class=\"fa-regular fa-angle-right\"><\/i><\/a>\r\n                     <\/div>\r\n                     <div class=\"service-icon\">\r\n\t\t\t\t\t                      <\/div>\r\n                  <\/div>\r\n               <\/div>\r\n            <\/div>\r\n\t\t\t            <div class=\"col-xxl-4 col-xl-4 col-lg-4 col-md-6\">\r\n               <div class=\"service-item wow fadeInUp\" data-wow-delay=\".3s\">\r\n                  <div class=\"service-thumb w-img\">\r\n\r\n                     <a href=\"http:\/\/drpinarkadirogullari.com\/ar\/services\/adet-duzensizligi-nedir-neden-olur-ve-nasil-tedavi-edilir\/\"><img decoding=\"async\" src=\"http:\/\/drpinarkadirogullari.com\/wp-content\/uploads\/2025\/04\/Adet-Duzensizligi-Nedirr-633x675.png\" alt=\"\"><\/a>\r\n\t\t\t\t\t\r\n                  <\/div>\r\n                  <div class=\"service-content\">\r\n                     <h4><a href=\"http:\/\/drpinarkadirogullari.com\/ar\/services\/adet-duzensizligi-nedir-neden-olur-ve-nasil-tedavi-edilir\/\">Adet D\u00fczensizli\u011fi Nedir? Neden Olur ve Nas\u0131l<\/a><\/h4>\r\n                     <p><\/p>\r\n                     <div class=\"service-link\"><a href=\"http:\/\/drpinarkadirogullari.com\/ar\/services\/adet-duzensizligi-nedir-neden-olur-ve-nasil-tedavi-edilir\/\"><i\r\n                              class=\"fa-regular fa-angle-right\"><\/i><\/a>\r\n                     <\/div>\r\n                     <div class=\"service-icon\">\r\n\t\t\t\t\t                      <\/div>\r\n                  <\/div>\r\n               <\/div>\r\n            <\/div>\r\n\t\t\t            <div class=\"col-xxl-4 col-xl-4 col-lg-4 col-md-6\">\r\n               <div class=\"service-item wow fadeInUp\" data-wow-delay=\".3s\">\r\n                  <div class=\"service-thumb w-img\">\r\n\r\n                     <a href=\"http:\/\/drpinarkadirogullari.com\/ar\/services\/rahim-icindeki-polipler-nedir-belirtileri-ve-tedavisi\/\"><img decoding=\"async\" src=\"http:\/\/drpinarkadirogullari.com\/wp-content\/uploads\/2025\/04\/Rahim-Icindeki-Polipler-633x675.png\" alt=\"\"><\/a>\r\n\t\t\t\t\t\r\n                  <\/div>\r\n                  <div class=\"service-content\">\r\n                     <h4><a href=\"http:\/\/drpinarkadirogullari.com\/ar\/services\/rahim-icindeki-polipler-nedir-belirtileri-ve-tedavisi\/\">Rahim \u0130\u00e7indeki Polipler Nedir? Belirtileri ve Tedavisi<\/a><\/h4>\r\n                     <p><\/p>\r\n                     <div class=\"service-link\"><a href=\"http:\/\/drpinarkadirogullari.com\/ar\/services\/rahim-icindeki-polipler-nedir-belirtileri-ve-tedavisi\/\"><i\r\n                              class=\"fa-regular fa-angle-right\"><\/i><\/a>\r\n                     <\/div>\r\n                     <div class=\"service-icon\">\r\n\t\t\t\t\t                      <\/div>\r\n                  <\/div>\r\n               <\/div>\r\n            <\/div>\r\n\t\t\t            <div class=\"col-xxl-4 col-xl-4 col-lg-4 col-md-6\">\r\n               <div class=\"service-item wow fadeInUp\" data-wow-delay=\".3s\">\r\n                  <div class=\"service-thumb w-img\">\r\n\r\n                     <a href=\"http:\/\/drpinarkadirogullari.com\/ar\/services\/ertesi-gun-hapi-nedir-nasil-kullanilir\/\"><img decoding=\"async\" src=\"http:\/\/drpinarkadirogullari.com\/wp-content\/uploads\/2025\/04\/Ertesi-Gun-Hapi-Nedir-633x675.png\" alt=\"\"><\/a>\r\n\t\t\t\t\t\r\n                  <\/div>\r\n                  <div class=\"service-content\">\r\n                     <h4><a href=\"http:\/\/drpinarkadirogullari.com\/ar\/services\/ertesi-gun-hapi-nedir-nasil-kullanilir\/\">Ertesi G\u00fcn Hap\u0131 Nedir? Nas\u0131l Kullan\u0131l\u0131r?<\/a><\/h4>\r\n                     <p><\/p>\r\n                     <div class=\"service-link\"><a href=\"http:\/\/drpinarkadirogullari.com\/ar\/services\/ertesi-gun-hapi-nedir-nasil-kullanilir\/\"><i\r\n                              class=\"fa-regular fa-angle-right\"><\/i><\/a>\r\n                     <\/div>\r\n                     <div class=\"service-icon\">\r\n\t\t\t\t\t                      <\/div>\r\n                  <\/div>\r\n               <\/div>\r\n            <\/div>\r\n\t\t\t            <div class=\"col-xxl-4 col-xl-4 col-lg-4 col-md-6\">\r\n               <div class=\"service-item wow fadeInUp\" data-wow-delay=\".3s\">\r\n                  <div class=\"service-thumb w-img\">\r\n\r\n                     <a href=\"http:\/\/drpinarkadirogullari.com\/ar\/services\/adet-sancisi-dismenore-nedir-neden-olur\/\"><img decoding=\"async\" src=\"http:\/\/drpinarkadirogullari.com\/wp-content\/uploads\/2025\/04\/Adet-Sancisi-633x675.png\" alt=\"\"><\/a>\r\n\t\t\t\t\t\r\n                  <\/div>\r\n                  <div class=\"service-content\">\r\n                     <h4><a href=\"http:\/\/drpinarkadirogullari.com\/ar\/services\/adet-sancisi-dismenore-nedir-neden-olur\/\">Adet Sanc\u0131s\u0131 (Dismenore) Nedir? Neden Olur?<\/a><\/h4>\r\n                     <p><\/p>\r\n                     <div class=\"service-link\"><a href=\"http:\/\/drpinarkadirogullari.com\/ar\/services\/adet-sancisi-dismenore-nedir-neden-olur\/\"><i\r\n                              class=\"fa-regular fa-angle-right\"><\/i><\/a>\r\n                     <\/div>\r\n                     <div class=\"service-icon\">\r\n\t\t\t\t\t                      <\/div>\r\n                  <\/div>\r\n               <\/div>\r\n            <\/div>\r\n\t\t\t            <div class=\"col-xxl-4 col-xl-4 col-lg-4 col-md-6\">\r\n               <div class=\"service-item wow fadeInUp\" data-wow-delay=\".3s\">\r\n                  <div class=\"service-thumb w-img\">\r\n\r\n                     <a href=\"http:\/\/drpinarkadirogullari.com\/ar\/services\/kadinlarda-genital-enfeksiyonlar\/\"><img decoding=\"async\" src=\"http:\/\/drpinarkadirogullari.com\/wp-content\/uploads\/2025\/04\/Kadinlarda-Genital-Enfeksiyonlar-633x675.png\" alt=\"\"><\/a>\r\n\t\t\t\t\t\r\n                  <\/div>\r\n                  <div class=\"service-content\">\r\n                     <h4><a href=\"http:\/\/drpinarkadirogullari.com\/ar\/services\/kadinlarda-genital-enfeksiyonlar\/\">Kad\u0131nlarda Genital Enfeksiyonlar<\/a><\/h4>\r\n                     <p><\/p>\r\n                     <div class=\"service-link\"><a href=\"http:\/\/drpinarkadirogullari.com\/ar\/services\/kadinlarda-genital-enfeksiyonlar\/\"><i\r\n                              class=\"fa-regular fa-angle-right\"><\/i><\/a>\r\n                     <\/div>\r\n                     <div class=\"service-icon\">\r\n\t\t\t\t\t                      <\/div>\r\n                  <\/div>\r\n               <\/div>\r\n            <\/div>\r\n\t\t\t            <div class=\"col-xxl-4 col-xl-4 col-lg-4 col-md-6\">\r\n               <div class=\"service-item wow fadeInUp\" data-wow-delay=\".3s\">\r\n                  <div class=\"service-thumb w-img\">\r\n\r\n                     <a href=\"http:\/\/drpinarkadirogullari.com\/ar\/services\/bartholin-kisti-ve-apsesi-nedir-nasil-tedavi-edilir\/\"><img decoding=\"async\" src=\"http:\/\/drpinarkadirogullari.com\/wp-content\/uploads\/2025\/04\/Bartholin-Kisti-ve-Apsesi-Nedir-633x675.png\" alt=\"\"><\/a>\r\n\t\t\t\t\t\r\n                  <\/div>\r\n                  <div class=\"service-content\">\r\n                     <h4><a href=\"http:\/\/drpinarkadirogullari.com\/ar\/services\/bartholin-kisti-ve-apsesi-nedir-nasil-tedavi-edilir\/\">Bartholin Kisti ve Apsesi Nedir? Nas\u0131l Tedavi<\/a><\/h4>\r\n                     <p><\/p>\r\n                     <div class=\"service-link\"><a href=\"http:\/\/drpinarkadirogullari.com\/ar\/services\/bartholin-kisti-ve-apsesi-nedir-nasil-tedavi-edilir\/\"><i\r\n                              class=\"fa-regular fa-angle-right\"><\/i><\/a>\r\n                     <\/div>\r\n                     <div class=\"service-icon\">\r\n\t\t\t\t\t                      <\/div>\r\n                  <\/div>\r\n               <\/div>\r\n            <\/div>\r\n\t\t\t            <div class=\"col-xxl-4 col-xl-4 col-lg-4 col-md-6\">\r\n               <div class=\"service-item wow fadeInUp\" data-wow-delay=\".3s\">\r\n                  <div class=\"service-thumb w-img\">\r\n\r\n                     <a href=\"http:\/\/drpinarkadirogullari.com\/ar\/services\/kadinlarda-idrar-kacirma-nedenleri-cesitleri-ve-tedavi-yontemleri\/\"><img decoding=\"async\" src=\"http:\/\/drpinarkadirogullari.com\/wp-content\/uploads\/2025\/04\/KADINLARDA-IDRAR-KACIRMA-633x675.png\" alt=\"\"><\/a>\r\n\t\t\t\t\t\r\n                  <\/div>\r\n                  <div class=\"service-content\">\r\n                     <h4><a href=\"http:\/\/drpinarkadirogullari.com\/ar\/services\/kadinlarda-idrar-kacirma-nedenleri-cesitleri-ve-tedavi-yontemleri\/\">Kad\u0131nlarda \u0130drar Ka\u00e7\u0131rma: Nedenleri, \u00c7e\u015fitleri Ve Tedavi<\/a><\/h4>\r\n                     <p><\/p>\r\n                     <div class=\"service-link\"><a href=\"http:\/\/drpinarkadirogullari.com\/ar\/services\/kadinlarda-idrar-kacirma-nedenleri-cesitleri-ve-tedavi-yontemleri\/\"><i\r\n                              class=\"fa-regular fa-angle-right\"><\/i><\/a>\r\n                     <\/div>\r\n                     <div class=\"service-icon\">\r\n\t\t\t\t\t                      <\/div>\r\n                  <\/div>\r\n               <\/div>\r\n            <\/div>\r\n\t\t\t            <div class=\"col-xxl-4 col-xl-4 col-lg-4 col-md-6\">\r\n               <div class=\"service-item wow fadeInUp\" data-wow-delay=\".3s\">\r\n                  <div class=\"service-thumb w-img\">\r\n\r\n                     <a href=\"http:\/\/drpinarkadirogullari.com\/ar\/services\/vajinal-mantar-enfeksiyonu-nedir-belirtileri-ve-tedavisi\/\"><img decoding=\"async\" src=\"http:\/\/drpinarkadirogullari.com\/wp-content\/uploads\/2025\/04\/vajinal-enfeksiyon-633x675.webp\" alt=\"\"><\/a>\r\n\t\t\t\t\t\r\n                  <\/div>\r\n                  <div class=\"service-content\">\r\n                     <h4><a href=\"http:\/\/drpinarkadirogullari.com\/ar\/services\/vajinal-mantar-enfeksiyonu-nedir-belirtileri-ve-tedavisi\/\">Vajinal Mantar Enfeksiyonu Nedir? Belirtileri ve Tedavisi<\/a><\/h4>\r\n                     <p><\/p>\r\n                     <div class=\"service-link\"><a href=\"http:\/\/drpinarkadirogullari.com\/ar\/services\/vajinal-mantar-enfeksiyonu-nedir-belirtileri-ve-tedavisi\/\"><i\r\n                              class=\"fa-regular fa-angle-right\"><\/i><\/a>\r\n                     <\/div>\r\n                     <div class=\"service-icon\">\r\n\t\t\t\t\t                      <\/div>\r\n                  <\/div>\r\n               <\/div>\r\n            <\/div>\r\n\t\t\t            <div class=\"col-xxl-4 col-xl-4 col-lg-4 col-md-6\">\r\n               <div class=\"service-item wow fadeInUp\" data-wow-delay=\".3s\">\r\n                  <div class=\"service-thumb w-img\">\r\n\r\n                     <a href=\"http:\/\/drpinarkadirogullari.com\/ar\/services\/dogum-kontrol-yontemleri-etkinlik-avantajlar-ve-secim-kriterleri\/\"><img decoding=\"async\" src=\"http:\/\/drpinarkadirogullari.com\/wp-content\/uploads\/2025\/04\/Dogum-Kontrol-Yontemlerii-633x675.png\" alt=\"\"><\/a>\r\n\t\t\t\t\t\r\n                  <\/div>\r\n                  <div class=\"service-content\">\r\n                     <h4><a href=\"http:\/\/drpinarkadirogullari.com\/ar\/services\/dogum-kontrol-yontemleri-etkinlik-avantajlar-ve-secim-kriterleri\/\">Do\u011fum Kontrol Y\u00f6ntemleri: Etkinlik, Avantajlar ve Se\u00e7im<\/a><\/h4>\r\n                     <p><\/p>\r\n                     <div class=\"service-link\"><a href=\"http:\/\/drpinarkadirogullari.com\/ar\/services\/dogum-kontrol-yontemleri-etkinlik-avantajlar-ve-secim-kriterleri\/\"><i\r\n                              class=\"fa-regular fa-angle-right\"><\/i><\/a>\r\n                     <\/div>\r\n                     <div class=\"service-icon\">\r\n\t\t\t\t\t                      <\/div>\r\n                  <\/div>\r\n               <\/div>\r\n            <\/div>\r\n\t\t\t            <div class=\"col-xxl-4 col-xl-4 col-lg-4 col-md-6\">\r\n               <div class=\"service-item wow fadeInUp\" data-wow-delay=\".3s\">\r\n                  <div class=\"service-thumb w-img\">\r\n\r\n                     <a href=\"http:\/\/drpinarkadirogullari.com\/ar\/services\/adet-gormeme-amenore-nedir-neden-olur-ve-nasil-tedavi-edilir\/\"><img decoding=\"async\" src=\"http:\/\/drpinarkadirogullari.com\/wp-content\/uploads\/2025\/04\/adet-gorememe-633x675.png\" alt=\"\"><\/a>\r\n\t\t\t\t\t\r\n                  <\/div>\r\n                  <div class=\"service-content\">\r\n                     <h4><a href=\"http:\/\/drpinarkadirogullari.com\/ar\/services\/adet-gormeme-amenore-nedir-neden-olur-ve-nasil-tedavi-edilir\/\">Adet G\u00f6rmeme (Amenore) Nedir? Neden Olur ve<\/a><\/h4>\r\n                     <p><\/p>\r\n                     <div class=\"service-link\"><a href=\"http:\/\/drpinarkadirogullari.com\/ar\/services\/adet-gormeme-amenore-nedir-neden-olur-ve-nasil-tedavi-edilir\/\"><i\r\n                              class=\"fa-regular fa-angle-right\"><\/i><\/a>\r\n                     <\/div>\r\n                     <div class=\"service-icon\">\r\n\t\t\t\t\t                      <\/div>\r\n                  <\/div>\r\n               <\/div>\r\n            <\/div>\r\n\t\t\t            <div class=\"col-xxl-4 col-xl-4 col-lg-4 col-md-6\">\r\n               <div class=\"service-item wow fadeInUp\" data-wow-delay=\".3s\">\r\n                  <div class=\"service-thumb w-img\">\r\n\r\n                     <a href=\"http:\/\/drpinarkadirogullari.com\/ar\/services\/premenstruel-gerginlik-ve-sendrom-pms-beliriiler-nedenler-ve-tedavi-yontemleri\/\"><img decoding=\"async\" src=\"http:\/\/drpinarkadirogullari.com\/wp-content\/uploads\/2025\/04\/PREMENSTRUEL-GERGINLIK-VE-SENDROM-633x675.png\" alt=\"\"><\/a>\r\n\t\t\t\t\t\r\n                  <\/div>\r\n                  <div class=\"service-content\">\r\n                     <h4><a href=\"http:\/\/drpinarkadirogullari.com\/ar\/services\/premenstruel-gerginlik-ve-sendrom-pms-beliriiler-nedenler-ve-tedavi-yontemleri\/\">Premenstr\u00fcel Gerginlik Ve Sendrom (Pms): Beliri\u0131ler, Nedenler<\/a><\/h4>\r\n                     <p><\/p>\r\n                     <div class=\"service-link\"><a href=\"http:\/\/drpinarkadirogullari.com\/ar\/services\/premenstruel-gerginlik-ve-sendrom-pms-beliriiler-nedenler-ve-tedavi-yontemleri\/\"><i\r\n                              class=\"fa-regular fa-angle-right\"><\/i><\/a>\r\n                     <\/div>\r\n                     <div class=\"service-icon\">\r\n\t\t\t\t\t                      <\/div>\r\n                  <\/div>\r\n               <\/div>\r\n            <\/div>\r\n\t\t\t            <div class=\"col-xxl-4 col-xl-4 col-lg-4 col-md-6\">\r\n               <div class=\"service-item wow fadeInUp\" data-wow-delay=\".3s\">\r\n                  <div class=\"service-thumb w-img\">\r\n\r\n                     <a href=\"http:\/\/drpinarkadirogullari.com\/ar\/services\/polikistik-over-sendromu-pcos-belirtiler-nedenleri-ve-tedavi-yontemleri\/\"><img decoding=\"async\" src=\"http:\/\/drpinarkadirogullari.com\/wp-content\/uploads\/2025\/04\/POLIKISTIK-OVER-SENDROMU-633x675.png\" alt=\"\"><\/a>\r\n\t\t\t\t\t\r\n                  <\/div>\r\n                  <div class=\"service-content\">\r\n                     <h4><a href=\"http:\/\/drpinarkadirogullari.com\/ar\/services\/polikistik-over-sendromu-pcos-belirtiler-nedenleri-ve-tedavi-yontemleri\/\">Polikistik Over Sendromu (PCOS): Belirtiler, Nedenleri Ve<\/a><\/h4>\r\n                     <p><\/p>\r\n                     <div class=\"service-link\"><a href=\"http:\/\/drpinarkadirogullari.com\/ar\/services\/polikistik-over-sendromu-pcos-belirtiler-nedenleri-ve-tedavi-yontemleri\/\"><i\r\n                              class=\"fa-regular fa-angle-right\"><\/i><\/a>\r\n                     <\/div>\r\n                     <div class=\"service-icon\">\r\n\t\t\t\t\t                      <\/div>\r\n                  <\/div>\r\n               <\/div>\r\n            <\/div>\r\n\t\t\t            <div class=\"col-xxl-4 col-xl-4 col-lg-4 col-md-6\">\r\n               <div class=\"service-item wow fadeInUp\" data-wow-delay=\".3s\">\r\n                  <div class=\"service-thumb w-img\">\r\n\r\n                     <a href=\"http:\/\/drpinarkadirogullari.com\/ar\/services\/dis-gebelik-ektopik-gebelik-nedir-belirtileri-nedenleri-ve-tedavi-yontemleri\/\"><img decoding=\"async\" src=\"http:\/\/drpinarkadirogullari.com\/wp-content\/uploads\/2025\/04\/DIS-GEBELIK-633x675.png\" alt=\"\"><\/a>\r\n\t\t\t\t\t\r\n                  <\/div>\r\n                  <div class=\"service-content\">\r\n                     <h4><a href=\"http:\/\/drpinarkadirogullari.com\/ar\/services\/dis-gebelik-ektopik-gebelik-nedir-belirtileri-nedenleri-ve-tedavi-yontemleri\/\">D\u0131\u015f Gebelik (Ektopik Gebelik) Nedir? Belirtileri, Nedenleri<\/a><\/h4>\r\n                     <p><\/p>\r\n                     <div class=\"service-link\"><a href=\"http:\/\/drpinarkadirogullari.com\/ar\/services\/dis-gebelik-ektopik-gebelik-nedir-belirtileri-nedenleri-ve-tedavi-yontemleri\/\"><i\r\n                              class=\"fa-regular fa-angle-right\"><\/i><\/a>\r\n                     <\/div>\r\n                     <div class=\"service-icon\">\r\n\t\t\t\t\t                      <\/div>\r\n                  <\/div>\r\n               <\/div>\r\n            <\/div>\r\n\t\t\t            <div class=\"col-xxl-4 col-xl-4 col-lg-4 col-md-6\">\r\n               <div class=\"service-item wow fadeInUp\" data-wow-delay=\".3s\">\r\n                  <div class=\"service-thumb w-img\">\r\n\r\n                     <a href=\"http:\/\/drpinarkadirogullari.com\/ar\/services\/kolposkopi-nedir-nasil-yapilir-ve-neden-yapilir\/\"><img decoding=\"async\" src=\"http:\/\/drpinarkadirogullari.com\/wp-content\/uploads\/2025\/04\/KOLPOSKOPI-NEDIR-633x675.png\" alt=\"\"><\/a>\r\n\t\t\t\t\t\r\n                  <\/div>\r\n                  <div class=\"service-content\">\r\n                     <h4><a href=\"http:\/\/drpinarkadirogullari.com\/ar\/services\/kolposkopi-nedir-nasil-yapilir-ve-neden-yapilir\/\">Kolposkopi Nedir? Nas\u0131l Yap\u0131l\u0131r ve Neden Yap\u0131l\u0131r?<\/a><\/h4>\r\n                     <p><\/p>\r\n                     <div class=\"service-link\"><a href=\"http:\/\/drpinarkadirogullari.com\/ar\/services\/kolposkopi-nedir-nasil-yapilir-ve-neden-yapilir\/\"><i\r\n                              class=\"fa-regular fa-angle-right\"><\/i><\/a>\r\n                     <\/div>\r\n                     <div class=\"service-icon\">\r\n\t\t\t\t\t                      <\/div>\r\n                  <\/div>\r\n               <\/div>\r\n            <\/div>\r\n\t\t\t            <div class=\"col-xxl-4 col-xl-4 col-lg-4 col-md-6\">\r\n               <div class=\"service-item wow fadeInUp\" data-wow-delay=\".3s\">\r\n                  <div class=\"service-thumb w-img\">\r\n\r\n                     <a href=\"http:\/\/drpinarkadirogullari.com\/ar\/services\/infertilite-kisirlik-nedenleri-tani-yontemleri-ve-tedavi-secenekleri\/\"><img decoding=\"async\" src=\"http:\/\/drpinarkadirogullari.com\/wp-content\/uploads\/2025\/04\/Infertilite-Kisirlik-Nedenleri-Tani-Yontemleri-ve-Tedavi-Secenekleri-633x675.png\" alt=\"\"><\/a>\r\n\t\t\t\t\t\r\n                  <\/div>\r\n                  <div class=\"service-content\">\r\n                     <h4><a href=\"http:\/\/drpinarkadirogullari.com\/ar\/services\/infertilite-kisirlik-nedenleri-tani-yontemleri-ve-tedavi-secenekleri\/\">\u0130nfertilite (K\u0131s\u0131rl\u0131k): Nedenleri, Tan\u0131 Y\u00f6ntemleri ve Tedavi<\/a><\/h4>\r\n                     <p><\/p>\r\n                     <div class=\"service-link\"><a href=\"http:\/\/drpinarkadirogullari.com\/ar\/services\/infertilite-kisirlik-nedenleri-tani-yontemleri-ve-tedavi-secenekleri\/\"><i\r\n                              class=\"fa-regular fa-angle-right\"><\/i><\/a>\r\n                     <\/div>\r\n                     <div class=\"service-icon\">\r\n\t\t\t\t\t                      <\/div>\r\n                  <\/div>\r\n               <\/div>\r\n            <\/div>\r\n\t\t\t            <div class=\"col-xxl-4 col-xl-4 col-lg-4 col-md-6\">\r\n               <div class=\"service-item wow fadeInUp\" data-wow-delay=\".3s\">\r\n                  <div class=\"service-thumb w-img\">\r\n\r\n                     <a href=\"http:\/\/drpinarkadirogullari.com\/ar\/services\/yumurtalik-kistleri-nedenleri-belirtileri-ve-tedavi-secenekleri\/\"><img decoding=\"async\" src=\"http:\/\/drpinarkadirogullari.com\/wp-content\/uploads\/2025\/04\/Yumurtalik-Kistleri-633x675.png\" alt=\"\"><\/a>\r\n\t\t\t\t\t\r\n                  <\/div>\r\n                  <div class=\"service-content\">\r\n                     <h4><a href=\"http:\/\/drpinarkadirogullari.com\/ar\/services\/yumurtalik-kistleri-nedenleri-belirtileri-ve-tedavi-secenekleri\/\">Yumurtal\u0131k Kistleri: Nedenleri, Belirtileri ve Tedavi Se\u00e7enekleri<\/a><\/h4>\r\n                     <p><\/p>\r\n                     <div class=\"service-link\"><a href=\"http:\/\/drpinarkadirogullari.com\/ar\/services\/yumurtalik-kistleri-nedenleri-belirtileri-ve-tedavi-secenekleri\/\"><i\r\n                              class=\"fa-regular fa-angle-right\"><\/i><\/a>\r\n                     <\/div>\r\n                     <div class=\"service-icon\">\r\n\t\t\t\t\t                      <\/div>\r\n                  <\/div>\r\n               <\/div>\r\n            <\/div>\r\n\t\t\t         <\/div>\r\n         <div class=\"btn-wrapper text-center\">\r\n            <a href=\"\" class=\"fill-btn\">\r\n               <span class=\"fill-btn-inner\">\r\n                  <span class=\"fill-btn-normal\"><i class=\"fa-regular fa-angle-right\"><\/i><\/span>\r\n                  <span class=\"fill-btn-hover\"><i class=\"fa-regular fa-angle-right\"><\/i><\/span>\r\n               <\/span>\r\n            <\/a>\r\n         <\/div>\t\t \r\n      <\/div>\r\n   <\/section>\r\n   <!-- Service area end -->\r\n\r\n\t\t\r\n\r\n\r\n\r\n\t\t\t\t\t<\/div>\n\t\t\t\t<\/div>\n\t\t\t\t<\/div>\n\t\t\t\t<\/div>\n\t\t","protected":false},"excerpt":{"rendered":"<p>Regl a\u011fr\u0131lar\u0131 neden olur? Yumurtal\u0131k Kistleri: Nedenleri, Belirtileri ve Tedavi Se\u00e7enekleri Smear Testi (Pap Smear)<\/p>\n","protected":false},"author":1,"featured_media":0,"parent":0,"menu_order":0,"comment_status":"closed","ping_status":"closed","template":"elementor_header_footer","meta":{"inline_featured_image":false,"footnotes":""},"class_list":["post-4583","page","type-page","status-publish","hentry"],"_links":{"self":[{"href":"http:\/\/drpinarkadirogullari.com\/ar\/wp-json\/wp\/v2\/pages\/4583","targetHints":{"allow":["GET"]}}],"collection":[{"href":"http:\/\/drpinarkadirogullari.com\/ar\/wp-json\/wp\/v2\/pages"}],"about":[{"href":"http:\/\/drpinarkadirogullari.com\/ar\/wp-json\/wp\/v2\/types\/page"}],"author":[{"embeddable":true,"href":"http:\/\/drpinarkadirogullari.com\/ar\/wp-json\/wp\/v2\/users\/1"}],"replies":[{"embeddable":true,"href":"http:\/\/drpinarkadirogullari.com\/ar\/wp-json\/wp\/v2\/comments?post=4583"}],"version-history":[{"count":3,"href":"http:\/\/drpinarkadirogullari.com\/ar\/wp-json\/wp\/v2\/pages\/4583\/revisions"}],"predecessor-version":[{"id":4821,"href":"http:\/\/drpinarkadirogullari.com\/ar\/wp-json\/wp\/v2\/pages\/4583\/revisions\/4821"}],"wp:attachment":[{"href":"http:\/\/drpinarkadirogullari.com\/ar\/wp-json\/wp\/v2\/media?parent=4583"}],"curies":[{"name":"wp","href":"https:\/\/api.w.org\/{rel}","templated":true}]}}